{"id":105807,"date":"2026-03-04T07:19:39","date_gmt":"2026-03-04T05:19:39","guid":{"rendered":"https:\/\/jaunavecriga.lv\/?page_id=105807"},"modified":"2026-03-04T10:12:03","modified_gmt":"2026-03-04T08:12:03","slug":"tickets-mezaparks-riga","status":"publish","type":"page","link":"https:\/\/jaunavecriga.lv\/en\/tickets-mezaparks-riga\/","title":{"rendered":"Tickets Me\u017eaparks &#8211; R\u012bga"},"content":{"rendered":"\t\t<div data-elementor-type=\"wp-page\" data-elementor-id=\"105807\" class=\"elementor elementor-105807\" data-elementor-post-type=\"page\">\n\t\t\t\t<div class=\"elementor-element elementor-element-6c68b805 e-flex e-con-boxed e-con e-parent\" data-id=\"6c68b805\" data-element_type=\"container\" data-e-type=\"container\">\n\t\t\t\t\t<div class=\"e-con-inner\">\n\t\t\t\t<div class=\"elementor-element elementor-element-12a6a69f elementor-widget elementor-widget-text-editor\" data-id=\"12a6a69f\" data-element_type=\"widget\" data-e-type=\"widget\" data-widget_type=\"text-editor.default\">\n\t\t\t\t<div class=\"elementor-widget-container\">\n\t\t\t\t\t\t\t\t\t<div class=\"elementor-element elementor-element-6f3c64ba e-flex e-con-boxed e-con e-parent e-lazyloaded\" data-id=\"6f3c64ba\" data-element_type=\"container\"><div class=\"e-con-inner\"><div class=\"elementor-element elementor-element-69472d92 elementor-widget elementor-widget-text-editor\" data-id=\"69472d92\" data-element_type=\"widget\" data-widget_type=\"text-editor.default\"><div class=\"elementor-widget-container\"><p>Season 02.05.2026-13.09.2026<\/p><\/div><\/div><\/div><\/div>\t\t\t\t\t\t\t\t<\/div>\n\t\t\t\t<\/div>\n\t\t\t\t\t<\/div>\n\t\t\t\t<\/div>\n\t\t<div class=\"elementor-element elementor-element-7a5c8940 e-flex e-con-boxed e-con e-parent\" data-id=\"7a5c8940\" data-element_type=\"container\" data-e-type=\"container\">\n\t\t\t\t\t<div class=\"e-con-inner\">\n\t\t<a class=\"elementor-element elementor-element-314ed732 e-con-full e-flex e-con e-child\" data-id=\"314ed732\" data-element_type=\"container\" data-e-type=\"container\" href=\"https:\/\/maps.app.goo.gl\/sMwA6MkaJXzDsDsA7\" target=\"_blank\">\n\t\t\t\t<div class=\"elementor-element elementor-element-79c1bf4d elementor-icon-list--layout-traditional elementor-list-item-link-full_width elementor-widget elementor-widget-icon-list\" data-id=\"79c1bf4d\" data-element_type=\"widget\" data-e-type=\"widget\" data-widget_type=\"icon-list.default\">\n\t\t\t\t<div class=\"elementor-widget-container\">\n\t\t\t\t\t\t\t<ul class=\"elementor-icon-list-items\">\n\t\t\t\t\t\t\t<li class=\"elementor-icon-list-item\">\n\t\t\t\t\t\t\t\t\t\t\t<span class=\"elementor-icon-list-icon\">\n\t\t\t\t\t\t\t<svg xmlns=\"http:\/\/www.w3.org\/2000\/svg\" id=\"Layer_1\" viewBox=\"0 0 100 100\"><defs><style>      .st0 {        fill-rule: evenodd;      }    <\/style><\/defs><path class=\"st0\" d=\"M30.75,59.27l19.25,24.07,19.25-24.07c3.72-4.65,5.75-10.43,5.75-16.38v-1.22c0-13.81-11.19-25-25-25s-25,11.19-25,25v1.22c0,5.95,2.03,11.73,5.75,16.38ZM50,55.51c7.65,0,13.84-6.2,13.84-13.84s-6.2-13.84-13.84-13.84-13.84,6.2-13.84,13.84,6.2,13.84,13.84,13.84Z\"><\/path><\/svg>\t\t\t\t\t\t<\/span>\n\t\t\t\t\t\t\t\t\t\t<span class=\"elementor-icon-list-text\">Pier location on the map can be viewed here<\/span>\n\t\t\t\t\t\t\t\t\t<\/li>\n\t\t\t\t\t\t<\/ul>\n\t\t\t\t\t\t<\/div>\n\t\t\t\t<\/div>\n\t\t\t\t<\/a>\n\t\t<a class=\"elementor-element elementor-element-3bfb2bfa e-con-full e-flex e-con e-child\" data-id=\"3bfb2bfa\" data-element_type=\"container\" data-e-type=\"container\" href=\"https:\/\/jaunavecriga.lv\/en\/river-boat-agnes-to-mezaparks\/\" target=\"_blank\">\n\t\t\t\t<div class=\"elementor-element elementor-element-1f5e209f elementor-tablet-align-center elementor-icon-list--layout-traditional elementor-list-item-link-full_width elementor-widget elementor-widget-icon-list\" data-id=\"1f5e209f\" data-element_type=\"widget\" data-e-type=\"widget\" data-widget_type=\"icon-list.default\">\n\t\t\t\t<div class=\"elementor-widget-container\">\n\t\t\t\t\t\t\t<ul class=\"elementor-icon-list-items\">\n\t\t\t\t\t\t\t<li class=\"elementor-icon-list-item\">\n\t\t\t\t\t\t\t\t\t\t\t<span class=\"elementor-icon-list-icon\">\n\t\t\t\t\t\t\t<svg xmlns=\"http:\/\/www.w3.org\/2000\/svg\" id=\"Layer_1\" viewBox=\"0 0 100 100\"><path d=\"M50,85.54c-4.8,0-9.45-.94-13.83-2.79-4.23-1.79-8.03-4.35-11.3-7.61-3.26-3.26-5.82-7.06-7.61-11.3-1.85-4.38-2.79-9.04-2.79-13.83s.94-9.45,2.79-13.83c1.79-4.23,4.35-8.03,7.61-11.3,3.26-3.26,7.06-5.82,11.3-7.61,4.38-1.85,9.04-2.79,13.83-2.79s9.45.94,13.83,2.79c4.23,1.79,8.03,4.35,11.3,7.61,3.26,3.26,5.82,7.06,7.61,11.3,1.85,4.38,2.79,9.04,2.79,13.83s-.94,9.45-2.79,13.83c-1.79,4.23-4.35,8.03-7.61,11.3-3.26,3.26-7.06,5.82-11.3,7.61-4.38,1.85-9.04,2.79-13.83,2.79ZM50,21.57c-7.59,0-14.73,2.96-20.1,8.33-5.37,5.37-8.33,12.51-8.33,20.1s2.96,14.73,8.33,20.1c5.37,5.37,12.51,8.33,20.1,8.33s14.73-2.96,20.1-8.33c5.37-5.37,8.33-12.51,8.33-20.1s-2.96-14.73-8.33-20.1c-5.37-5.37-12.51-8.33-20.1-8.33ZM58.88,58.89c-.62,0-1.25-.16-1.83-.51l-8.88-5.33c-1.07-.64-1.73-1.8-1.73-3.05v-17.77c0-1.96,1.59-3.55,3.55-3.55s3.55,1.59,3.55,3.55v15.76l7.16,4.3c1.68,1.01,2.23,3.19,1.22,4.88-.67,1.11-1.84,1.73-3.05,1.73Z\"><\/path><\/svg>\t\t\t\t\t\t<\/span>\n\t\t\t\t\t\t\t\t\t\t<span class=\"elementor-icon-list-text\">Cruises Timetable<\/span>\n\t\t\t\t\t\t\t\t\t<\/li>\n\t\t\t\t\t\t<\/ul>\n\t\t\t\t\t\t<\/div>\n\t\t\t\t<\/div>\n\t\t\t\t<\/a>\n\t\t<a class=\"elementor-element elementor-element-143e50f3 e-con-full e-flex e-con e-child\" data-id=\"143e50f3\" data-element_type=\"container\" data-e-type=\"container\" href=\"https:\/\/jaunavecriga.lv\/en\/changes-business-hours\/\" target=\"_blank\">\n\t\t\t\t<div class=\"elementor-element elementor-element-36b47c03 elementor-icon-list--layout-traditional elementor-list-item-link-full_width elementor-widget elementor-widget-icon-list\" data-id=\"36b47c03\" data-element_type=\"widget\" data-e-type=\"widget\" data-widget_type=\"icon-list.default\">\n\t\t\t\t<div class=\"elementor-widget-container\">\n\t\t\t\t\t\t\t<ul class=\"elementor-icon-list-items\">\n\t\t\t\t\t\t\t<li class=\"elementor-icon-list-item\">\n\t\t\t\t\t\t\t\t\t\t\t<span class=\"elementor-icon-list-icon\">\n\t\t\t\t\t\t\t<svg aria-hidden=\"true\" class=\"e-font-icon-svg e-fas-info-circle\" viewBox=\"0 0 512 512\" xmlns=\"http:\/\/www.w3.org\/2000\/svg\"><path d=\"M256 8C119.043 8 8 119.083 8 256c0 136.997 111.043 248 248 248s248-111.003 248-248C504 119.083 392.957 8 256 8zm0 110c23.196 0 42 18.804 42 42s-18.804 42-42 42-42-18.804-42-42 18.804-42 42-42zm56 254c0 6.627-5.373 12-12 12h-88c-6.627 0-12-5.373-12-12v-24c0-6.627 5.373-12 12-12h12v-64h-12c-6.627 0-12-5.373-12-12v-24c0-6.627 5.373-12 12-12h64c6.627 0 12 5.373 12 12v100h12c6.627 0 12 5.373 12 12v24z\"><\/path><\/svg>\t\t\t\t\t\t<\/span>\n\t\t\t\t\t\t\t\t\t\t<span class=\"elementor-icon-list-text\">Changes in during business hours!<\/span>\n\t\t\t\t\t\t\t\t\t<\/li>\n\t\t\t\t\t\t<\/ul>\n\t\t\t\t\t\t<\/div>\n\t\t\t\t<\/div>\n\t\t\t\t<\/a>\n\t\t\t\t\t<\/div>\n\t\t\t\t<\/div>\n\t\t<div class=\"elementor-element elementor-element-6d8d0f14 e-flex e-con-boxed e-con e-parent\" data-id=\"6d8d0f14\" data-element_type=\"container\" data-e-type=\"container\">\n\t\t\t\t\t<div class=\"e-con-inner\">\n\t\t\t\t<div class=\"elementor-element elementor-element-661e688a elementor-widget elementor-widget-text-editor\" data-id=\"661e688a\" data-element_type=\"widget\" data-e-type=\"widget\" data-widget_type=\"text-editor.default\">\n\t\t\t\t<div class=\"elementor-widget-container\">\n\t\t\t\t\t\t\t\t\t<div class=\"flex flex-col text-sm pb-25\"><article class=\"text-token-text-primary w-full focus:outline-none [--shadow-height:45px] has-data-writing-block:pointer-events-none has-data-writing-block:-mt-(--shadow-height) has-data-writing-block:pt-(--shadow-height) [&amp;:has([data-writing-block])&gt;*]:pointer-events-auto scroll-mt-[calc(var(--header-height)+min(200px,max(70px,20svh)))]\" dir=\"auto\" tabindex=\"-1\" data-turn-id=\"request-WEB:d9ed4ed7-58d6-4085-a860-8789bee30a50-4\" data-testid=\"conversation-turn-10\" data-scroll-anchor=\"true\" data-turn=\"assistant\"><div class=\"text-base my-auto mx-auto pb-10 [--thread-content-margin:--spacing(4)] @w-sm\/main:[--thread-content-margin:--spacing(6)] @w-lg\/main:[--thread-content-margin:--spacing(16)] px-(--thread-content-margin)\"><div class=\"[--thread-content-max-width:40rem] @w-lg\/main:[--thread-content-max-width:48rem] mx-auto max-w-(--thread-content-max-width) flex-1 group\/turn-messages focus-visible:outline-hidden relative flex w-full min-w-0 flex-col agent-turn\" tabindex=\"-1\"><div class=\"flex max-w-full flex-col grow\"><div class=\"min-h-8 text-message relative flex w-full flex-col items-end gap-2 text-start break-words whitespace-normal [.text-message+&amp;]:mt-1\" dir=\"auto\" data-message-author-role=\"assistant\" data-message-id=\"8120541b-8780-4ae5-ae3b-211aec83f4f9\" data-message-model-slug=\"gpt-5-2-thinking\"><div class=\"flex w-full flex-col gap-1 empty:hidden first:pt-[1px]\"><div class=\"markdown prose dark:prose-invert w-full wrap-break-word light markdown-new-styling\"><p data-start=\"0\" data-end=\"42\" data-is-last-node=\"\" data-is-only-node=\"\"><span style=\"color: #000000;\"><strong data-start=\"0\" data-end=\"42\" data-is-last-node=\"\" data-is-only-node=\"\">Ticket is valid for the entire season<\/strong><strong data-start=\"180\" data-end=\"211\">!<\/strong><\/span><\/p><\/div><\/div><\/div><\/div><\/div><\/div><\/article><\/div><p><span style=\"color: #000000;\">You must arrive 30 minutes before departure!<\/span><\/p>\t\t\t\t\t\t\t\t<\/div>\n\t\t\t\t<\/div>\n\t\t\t\t\t<\/div>\n\t\t\t\t<\/div>\n\t\t\t\t<\/div>\n\t\t","protected":false},"excerpt":{"rendered":"<p>Season 02.05.2026-13.09.2026 Pier location on the map can be viewed here Cruises Timetable Changes in during business hours! Ticket is valid for the entire season! You must arrive 30 minutes before departure!<\/p>\n","protected":false},"author":1001002,"featured_media":0,"parent":0,"menu_order":0,"comment_status":"closed","ping_status":"closed","template":"","meta":{"_monsterinsights_skip_tracking":false,"_monsterinsights_sitenote_active":false,"_monsterinsights_sitenote_note":"","_monsterinsights_sitenote_category":0,"_price":"","_stock":"","_tribe_ticket_header":"","_tribe_default_ticket_provider":"Tribe__Tickets_Plus__Commerce__WooCommerce__Main","_tribe_ticket_capacity":"0","_ticket_start_date":"","_ticket_end_date":"","_tribe_ticket_show_description":"","_tribe_ticket_show_not_going":false,"_tribe_ticket_use_global_stock":"","_tribe_ticket_global_stock_level":"","_global_stock_mode":"","_global_stock_cap":"","_tribe_rsvp_for_event":"","_tribe_ticket_going_count":"","_tribe_ticket_not_going_count":"","_tribe_tickets_list":"[{\"id\":105823,\"type\":\"default\",\"title\":\"Me\\u017eaparks \\u2013 R\\u012bga (Adults)\",\"description\":\"\",\"capacityType\":\"unlimited\",\"price\":12,\"capacity\":\"\",\"available\":-1,\"sharedCapacity\":\"\",\"sold\":0,\"shareSold\":0,\"isShared\":true,\"currencyDecimalPoint\":\".\",\"currencyNumberOfDecimals\":2,\"currencyPosition\":\"prefix\",\"currencySymbol\":\"$\",\"currencyThousandsSep\":\",\"},{\"id\":105824,\"type\":\"default\",\"title\":\"\\\"Me\\u017eaparks - R\\u012bga\\\" Children from six to nine years of age\",\"description\":\"\",\"capacityType\":\"unlimited\",\"price\":4,\"capacity\":\"\",\"available\":-1,\"sharedCapacity\":\"\",\"sold\":0,\"shareSold\":0,\"isShared\":true,\"currencyDecimalPoint\":\".\",\"currencyNumberOfDecimals\":2,\"currencyPosition\":\"prefix\",\"currencySymbol\":\"$\",\"currencyThousandsSep\":\",\"},{\"id\":105826,\"type\":\"default\",\"title\":\"Presenting an ISIC card \\u201cMe\\u017eaparks - R\\u012bga\\\"\",\"description\":\"\",\"capacityType\":\"unlimited\",\"price\":10,\"capacity\":\"\",\"available\":-1,\"sharedCapacity\":\"\",\"sold\":0,\"shareSold\":0,\"isShared\":true,\"currencyDecimalPoint\":\".\",\"currencyNumberOfDecimals\":2,\"currencyPosition\":\"prefix\",\"currencySymbol\":\"$\",\"currencyThousandsSep\":\",\"},{\"id\":105825,\"type\":\"default\",\"title\":\"With a disability card \\u201cMe\\u017eaparks - R\\u012bga\\u201d\",\"description\":\"\",\"capacityType\":\"unlimited\",\"price\":10,\"capacity\":\"\",\"available\":-1,\"sharedCapacity\":\"\",\"sold\":0,\"shareSold\":0,\"isShared\":true,\"currencyDecimalPoint\":\".\",\"currencyNumberOfDecimals\":2,\"currencyPosition\":\"prefix\",\"currencySymbol\":\"$\",\"currencyThousandsSep\":\",\"}]","_tribe_ticket_has_attendee_info_fields":false,"footnotes":"","_tec_slr_enabled":"","_tec_slr_layout":""},"class_list":["post-105807","page","type-page","status-publish","hentry"],"yoast_head":"<!-- This site is optimized with the Yoast SEO Premium plugin v27.3 (Yoast SEO v27.3) - https:\/\/yoast.com\/product\/yoast-seo-premium-wordpress\/ -->\n<title>Tickets Me\u017eaparks - R\u012bga &#8211; Jaun\u0101 Vecr\u012bga<\/title>\n<meta name=\"robots\" content=\"index, follow, max-snippet:-1, max-image-preview:large, max-video-preview:-1\" \/>\n<link rel=\"canonical\" href=\"https:\/\/jaunavecriga.lv\/ru\/bilet-iz-mezaparka-v-rigu\/\" \/>\n<meta property=\"og:locale\" content=\"en_US\" \/>\n<meta property=\"og:type\" content=\"article\" \/>\n<meta property=\"og:title\" content=\"Jaun\u0101 Vecr\u012bga - Ku\u0123u satiksme R\u012bg\u0101 un J\u016brmal\u0101\" \/>\n<meta property=\"og:description\" content=\"Season 02.05.2026-13.09.2026 Pier location on the map can be viewed here Cruises Timetable Changes in during business hours! Ticket is valid for the entire season! You must arrive 30 minutes before departure!\" \/>\n<meta property=\"og:url\" content=\"https:\/\/jaunavecriga.lv\/ru\/bilet-iz-mezaparka-v-rigu\/\" \/>\n<meta property=\"og:site_name\" content=\"Jaun\u0101 Vecr\u012bga\" \/>\n<meta property=\"article:publisher\" content=\"https:\/\/www.facebook.com\/RiverCruisesLatvia\" \/>\n<meta property=\"article:modified_time\" content=\"2026-03-04T08:12:03+00:00\" \/>\n<meta property=\"og:image\" content=\"https:\/\/jaunavecriga.lv\/wp-content\/uploads\/2025\/07\/Photo-13-07-2025-19-30-03.jpg\" \/>\n\t<meta property=\"og:image:width\" content=\"1791\" \/>\n\t<meta property=\"og:image:height\" content=\"2048\" \/>\n\t<meta property=\"og:image:type\" content=\"image\/jpeg\" \/>\n<meta name=\"twitter:card\" content=\"summary_large_image\" \/>\n<meta name=\"twitter:site\" content=\"@RiverCruisesLV\" \/>\n<meta name=\"twitter:label1\" content=\"Est. reading time\" \/>\n\t<meta name=\"twitter:data1\" content=\"1 minute\" \/>\n<script type=\"application\/ld+json\" class=\"yoast-schema-graph\">{\"@context\":\"https:\\\/\\\/schema.org\",\"@graph\":[{\"@type\":\"WebPage\",\"@id\":\"https:\\\/\\\/jaunavecriga.lv\\\/ru\\\/bilet-iz-mezaparka-v-rigu\\\/\",\"url\":\"https:\\\/\\\/jaunavecriga.lv\\\/ru\\\/bilet-iz-mezaparka-v-rigu\\\/\",\"name\":\"Tickets Me\u017eaparks - R\u012bga &#8211; Jaun\u0101 Vecr\u012bga\",\"isPartOf\":{\"@id\":\"https:\\\/\\\/jaunavecriga.lv\\\/#website\"},\"datePublished\":\"2026-03-04T05:19:39+00:00\",\"dateModified\":\"2026-03-04T08:12:03+00:00\",\"breadcrumb\":{\"@id\":\"https:\\\/\\\/jaunavecriga.lv\\\/ru\\\/bilet-iz-mezaparka-v-rigu\\\/#breadcrumb\"},\"inLanguage\":\"en-US\",\"potentialAction\":[{\"@type\":\"ReadAction\",\"target\":[\"https:\\\/\\\/jaunavecriga.lv\\\/ru\\\/bilet-iz-mezaparka-v-rigu\\\/\"]}]},{\"@type\":\"BreadcrumbList\",\"@id\":\"https:\\\/\\\/jaunavecriga.lv\\\/ru\\\/bilet-iz-mezaparka-v-rigu\\\/#breadcrumb\",\"itemListElement\":[{\"@type\":\"ListItem\",\"position\":1,\"name\":\"Home\",\"item\":\"https:\\\/\\\/jaunavecriga.lv\\\/ru\\\/\"},{\"@type\":\"ListItem\",\"position\":2,\"name\":\"Tickets Me\u017eaparks &#8212; R\u012bga\"}]},{\"@type\":\"WebSite\",\"@id\":\"https:\\\/\\\/jaunavecriga.lv\\\/#website\",\"url\":\"https:\\\/\\\/jaunavecriga.lv\\\/\",\"name\":\"Jaun\u0101 Vecr\u012bga\",\"description\":\"Ku\u0123i pa Daugavu uz J\u016brmalu, Me\u017eaparku un R\u012bgas kan\u0101lu\",\"publisher\":{\"@id\":\"https:\\\/\\\/jaunavecriga.lv\\\/#organization\"},\"potentialAction\":[{\"@type\":\"SearchAction\",\"target\":{\"@type\":\"EntryPoint\",\"urlTemplate\":\"https:\\\/\\\/jaunavecriga.lv\\\/?s={search_term_string}\"},\"query-input\":{\"@type\":\"PropertyValueSpecification\",\"valueRequired\":true,\"valueName\":\"search_term_string\"}}],\"inLanguage\":\"en-US\"},{\"@type\":\"Organization\",\"@id\":\"https:\\\/\\\/jaunavecriga.lv\\\/#organization\",\"name\":\"SIA \\\"Jaun\u0101 Vecr\u012bga\\\"\",\"alternateName\":\"RCL\",\"url\":\"https:\\\/\\\/jaunavecriga.lv\\\/\",\"logo\":{\"@type\":\"ImageObject\",\"inLanguage\":\"en-US\",\"@id\":\"https:\\\/\\\/jaunavecriga.lv\\\/#\\\/schema\\\/logo\\\/image\\\/\",\"url\":\"https:\\\/\\\/jaunavecriga.lv\\\/wp-content\\\/uploads\\\/2025\\\/04\\\/New-RiverCruises-white-BG-1.jpg\",\"contentUrl\":\"https:\\\/\\\/jaunavecriga.lv\\\/wp-content\\\/uploads\\\/2025\\\/04\\\/New-RiverCruises-white-BG-1.jpg\",\"width\":850,\"height\":850,\"caption\":\"SIA \\\"Jaun\u0101 Vecr\u012bga\\\"\"},\"image\":{\"@id\":\"https:\\\/\\\/jaunavecriga.lv\\\/#\\\/schema\\\/logo\\\/image\\\/\"},\"sameAs\":[\"https:\\\/\\\/www.facebook.com\\\/RiverCruisesLatvia\",\"https:\\\/\\\/x.com\\\/RiverCruisesLV\",\"https:\\\/\\\/www.instagram.com\\\/rivercruises_latvia\\\/\",\"https:\\\/\\\/www.youtube.com\\\/channel\\\/UCr_CMDNcQ8tSAoDFwEt_HFA\",\"https:\\\/\\\/www.tiktok.com\\\/@rivercruiseslatvia\"]}]}<\/script>\n<!-- \/ Yoast SEO Premium plugin. -->","yoast_head_json":{"title":"Tickets Me\u017eaparks - R\u012bga &#8211; Jaun\u0101 Vecr\u012bga","robots":{"index":"index","follow":"follow","max-snippet":"max-snippet:-1","max-image-preview":"max-image-preview:large","max-video-preview":"max-video-preview:-1"},"canonical":"https:\/\/jaunavecriga.lv\/ru\/bilet-iz-mezaparka-v-rigu\/","og_locale":"en_US","og_type":"article","og_title":"Jaun\u0101 Vecr\u012bga - Ku\u0123u satiksme R\u012bg\u0101 un J\u016brmal\u0101","og_description":"Season 02.05.2026-13.09.2026 Pier location on the map can be viewed here Cruises Timetable Changes in during business hours! Ticket is valid for the entire season! You must arrive 30 minutes before departure!","og_url":"https:\/\/jaunavecriga.lv\/ru\/bilet-iz-mezaparka-v-rigu\/","og_site_name":"Jaun\u0101 Vecr\u012bga","article_publisher":"https:\/\/www.facebook.com\/RiverCruisesLatvia","article_modified_time":"2026-03-04T08:12:03+00:00","og_image":[{"width":1791,"height":2048,"url":"https:\/\/jaunavecriga.lv\/wp-content\/uploads\/2025\/07\/Photo-13-07-2025-19-30-03.jpg","type":"image\/jpeg"}],"twitter_card":"summary_large_image","twitter_site":"@RiverCruisesLV","twitter_misc":{"Est. reading time":"1 minute"},"schema":{"@context":"https:\/\/schema.org","@graph":[{"@type":"WebPage","@id":"https:\/\/jaunavecriga.lv\/ru\/bilet-iz-mezaparka-v-rigu\/","url":"https:\/\/jaunavecriga.lv\/ru\/bilet-iz-mezaparka-v-rigu\/","name":"Tickets Me\u017eaparks - R\u012bga &#8211; Jaun\u0101 Vecr\u012bga","isPartOf":{"@id":"https:\/\/jaunavecriga.lv\/#website"},"datePublished":"2026-03-04T05:19:39+00:00","dateModified":"2026-03-04T08:12:03+00:00","breadcrumb":{"@id":"https:\/\/jaunavecriga.lv\/ru\/bilet-iz-mezaparka-v-rigu\/#breadcrumb"},"inLanguage":"en-US","potentialAction":[{"@type":"ReadAction","target":["https:\/\/jaunavecriga.lv\/ru\/bilet-iz-mezaparka-v-rigu\/"]}]},{"@type":"BreadcrumbList","@id":"https:\/\/jaunavecriga.lv\/ru\/bilet-iz-mezaparka-v-rigu\/#breadcrumb","itemListElement":[{"@type":"ListItem","position":1,"name":"Home","item":"https:\/\/jaunavecriga.lv\/ru\/"},{"@type":"ListItem","position":2,"name":"Tickets Me\u017eaparks &#8212; R\u012bga"}]},{"@type":"WebSite","@id":"https:\/\/jaunavecriga.lv\/#website","url":"https:\/\/jaunavecriga.lv\/","name":"Jaun\u0101 Vecr\u012bga","description":"Ku\u0123i pa Daugavu uz J\u016brmalu, Me\u017eaparku un R\u012bgas kan\u0101lu","publisher":{"@id":"https:\/\/jaunavecriga.lv\/#organization"},"potentialAction":[{"@type":"SearchAction","target":{"@type":"EntryPoint","urlTemplate":"https:\/\/jaunavecriga.lv\/?s={search_term_string}"},"query-input":{"@type":"PropertyValueSpecification","valueRequired":true,"valueName":"search_term_string"}}],"inLanguage":"en-US"},{"@type":"Organization","@id":"https:\/\/jaunavecriga.lv\/#organization","name":"SIA \"Jaun\u0101 Vecr\u012bga\"","alternateName":"RCL","url":"https:\/\/jaunavecriga.lv\/","logo":{"@type":"ImageObject","inLanguage":"en-US","@id":"https:\/\/jaunavecriga.lv\/#\/schema\/logo\/image\/","url":"https:\/\/jaunavecriga.lv\/wp-content\/uploads\/2025\/04\/New-RiverCruises-white-BG-1.jpg","contentUrl":"https:\/\/jaunavecriga.lv\/wp-content\/uploads\/2025\/04\/New-RiverCruises-white-BG-1.jpg","width":850,"height":850,"caption":"SIA \"Jaun\u0101 Vecr\u012bga\""},"image":{"@id":"https:\/\/jaunavecriga.lv\/#\/schema\/logo\/image\/"},"sameAs":["https:\/\/www.facebook.com\/RiverCruisesLatvia","https:\/\/x.com\/RiverCruisesLV","https:\/\/www.instagram.com\/rivercruises_latvia\/","https:\/\/www.youtube.com\/channel\/UCr_CMDNcQ8tSAoDFwEt_HFA","https:\/\/www.tiktok.com\/@rivercruiseslatvia"]}]}},"ticketed":["woo"],"_links":{"self":[{"href":"https:\/\/jaunavecriga.lv\/en\/wp-json\/wp\/v2\/pages\/105807","targetHints":{"allow":["GET"]}}],"collection":[{"href":"https:\/\/jaunavecriga.lv\/en\/wp-json\/wp\/v2\/pages"}],"about":[{"href":"https:\/\/jaunavecriga.lv\/en\/wp-json\/wp\/v2\/types\/page"}],"author":[{"embeddable":true,"href":"https:\/\/jaunavecriga.lv\/en\/wp-json\/wp\/v2\/users\/1001002"}],"replies":[{"embeddable":true,"href":"https:\/\/jaunavecriga.lv\/en\/wp-json\/wp\/v2\/comments?post=105807"}],"version-history":[{"count":8,"href":"https:\/\/jaunavecriga.lv\/en\/wp-json\/wp\/v2\/pages\/105807\/revisions"}],"predecessor-version":[{"id":105931,"href":"https:\/\/jaunavecriga.lv\/en\/wp-json\/wp\/v2\/pages\/105807\/revisions\/105931"}],"wp:attachment":[{"href":"https:\/\/jaunavecriga.lv\/en\/wp-json\/wp\/v2\/media?parent=105807"}],"curies":[{"name":"wp","href":"https:\/\/api.w.org\/{rel}","templated":true}]}}