{"id":14915,"date":"2021-06-13T17:46:43","date_gmt":"2021-06-13T17:46:43","guid":{"rendered":"https:\/\/rivercruises.lv\/?page_id=14915"},"modified":"2026-02-01T14:30:21","modified_gmt":"2026-02-01T12:30:21","slug":"ticket-boat-rent","status":"publish","type":"page","link":"https:\/\/jaunavecriga.lv\/en\/ticket-boat-rent\/","title":{"rendered":"Boat rent"},"content":{"rendered":"\t\t<div data-elementor-type=\"wp-page\" data-elementor-id=\"14915\" class=\"elementor elementor-14915 elementor-14905\" data-elementor-post-type=\"page\">\n\t\t\t\t<div class=\"elementor-element elementor-element-28e09b50 e-flex e-con-boxed e-con e-parent\" data-id=\"28e09b50\" data-element_type=\"container\" data-e-type=\"container\">\n\t\t\t\t\t<div class=\"e-con-inner\">\n\t\t<div class=\"elementor-element elementor-element-660e7025 e-con-full e-flex e-con e-child\" data-id=\"660e7025\" data-element_type=\"container\" data-e-type=\"container\">\n\t\t\t\t<div class=\"elementor-element elementor-element-3ce2347f elementor-align-justify elementor-widget elementor-widget-button\" data-id=\"3ce2347f\" data-element_type=\"widget\" data-e-type=\"widget\" data-widget_type=\"button.default\">\n\t\t\t\t<div class=\"elementor-widget-container\">\n\t\t\t\t\t\t\t\t\t<div class=\"elementor-button-wrapper\">\n\t\t\t\t\t<a class=\"elementor-button elementor-button-link elementor-size-sm\" href=\"https:\/\/jaunavecriga.lv\/en\/river-cruises-latvia-contacts\/\" target=\"_blank\">\n\t\t\t\t\t\t<span class=\"elementor-button-content-wrapper\">\n\t\t\t\t\t\t\t\t\t<span class=\"elementor-button-text\">Before buying, contact us to reserve the available time!<\/span>\n\t\t\t\t\t<\/span>\n\t\t\t\t\t<\/a>\n\t\t\t\t<\/div>\n\t\t\t\t\t\t\t\t<\/div>\n\t\t\t\t<\/div>\n\t\t\t\t<\/div>\n\t\t<div class=\"elementor-element elementor-element-424bd01b e-con-full e-flex e-con e-child\" data-id=\"424bd01b\" data-element_type=\"container\" data-e-type=\"container\">\n\t\t\t\t<div class=\"elementor-element elementor-element-594e3a3d elementor-align-justify elementor-widget elementor-widget-button\" data-id=\"594e3a3d\" data-element_type=\"widget\" data-e-type=\"widget\" data-widget_type=\"button.default\">\n\t\t\t\t<div class=\"elementor-widget-container\">\n\t\t\t\t\t\t\t\t\t<div class=\"elementor-button-wrapper\">\n\t\t\t\t\t<a class=\"elementor-button elementor-size-sm\" role=\"button\">\n\t\t\t\t\t\t<span class=\"elementor-button-content-wrapper\">\n\t\t\t\t\t\t\t\t\t<span class=\"elementor-button-text\">Season 01.04.2026 - 30.11.2026<\/span>\n\t\t\t\t\t<\/span>\n\t\t\t\t\t<\/a>\n\t\t\t\t<\/div>\n\t\t\t\t\t\t\t\t<\/div>\n\t\t\t\t<\/div>\n\t\t\t\t<\/div>\n\t\t<div class=\"elementor-element elementor-element-72ec60e e-con-full e-flex e-con e-child\" data-id=\"72ec60e\" data-element_type=\"container\" data-e-type=\"container\">\n\t\t\t\t<div class=\"elementor-element elementor-element-2b140a7b elementor-align-justify elementor-widget elementor-widget-button\" data-id=\"2b140a7b\" data-element_type=\"widget\" data-e-type=\"widget\" data-widget_type=\"button.default\">\n\t\t\t\t<div class=\"elementor-widget-container\">\n\t\t\t\t\t\t\t\t\t<div class=\"elementor-button-wrapper\">\n\t\t\t\t\t<a class=\"elementor-button elementor-size-sm\" role=\"button\">\n\t\t\t\t\t\t<span class=\"elementor-button-content-wrapper\">\n\t\t\t\t\t\t\t\t\t<span class=\"elementor-button-text\">Present your ticket by phone!<\/span>\n\t\t\t\t\t<\/span>\n\t\t\t\t\t<\/a>\n\t\t\t\t<\/div>\n\t\t\t\t\t\t\t\t<\/div>\n\t\t\t\t<\/div>\n\t\t\t\t<\/div>\n\t\t<div class=\"elementor-element elementor-element-5e48f319 e-con-full e-flex e-con e-child\" data-id=\"5e48f319\" data-element_type=\"container\" data-e-type=\"container\">\n\t\t\t\t<div class=\"elementor-element elementor-element-4047255b elementor-align-justify elementor-widget elementor-widget-button\" data-id=\"4047255b\" data-element_type=\"widget\" data-e-type=\"widget\" data-widget_type=\"button.default\">\n\t\t\t\t<div class=\"elementor-widget-container\">\n\t\t\t\t\t\t\t\t\t<div class=\"elementor-button-wrapper\">\n\t\t\t\t\t<a class=\"elementor-button elementor-button-link elementor-size-sm\" href=\"https:\/\/jaunavecriga.lv\/en\/changes-business-hours\/\" target=\"_blank\">\n\t\t\t\t\t\t<span class=\"elementor-button-content-wrapper\">\n\t\t\t\t\t\t\t\t\t<span class=\"elementor-button-text\">Changes in during business hours!<\/span>\n\t\t\t\t\t<\/span>\n\t\t\t\t\t<\/a>\n\t\t\t\t<\/div>\n\t\t\t\t\t\t\t\t<\/div>\n\t\t\t\t<\/div>\n\t\t\t\t<\/div>\n\t\t\t\t\t<\/div>\n\t\t\t\t<\/div>\n\t\t\t\t<\/div>\n\t\t","protected":false},"excerpt":{"rendered":"<p>Before buying, contact us to reserve the available time! Season 01.04.2026 &#8211; 30.11.2026 Present your ticket by phone! Changes in during business hours!<\/p>\n","protected":false},"author":1001002,"featured_media":14934,"parent":0,"menu_order":0,"comment_status":"closed","ping_status":"closed","template":"","meta":{"_monsterinsights_skip_tracking":false,"_monsterinsights_sitenote_active":false,"_monsterinsights_sitenote_note":"","_monsterinsights_sitenote_category":0,"_price":"","_stock":"","_tribe_ticket_header":"","_tribe_default_ticket_provider":"Tribe__Tickets_Plus__Commerce__WooCommerce__Main","_tribe_ticket_capacity":"0","_ticket_start_date":"","_ticket_end_date":"","_tribe_ticket_show_description":"","_tribe_ticket_show_not_going":false,"_tribe_ticket_use_global_stock":"","_tribe_ticket_global_stock_level":"","_global_stock_mode":"","_global_stock_cap":"","_tribe_rsvp_for_event":"","_tribe_ticket_going_count":"","_tribe_ticket_not_going_count":"","_tribe_tickets_list":"[{\"id\":14916,\"type\":\"default\",\"title\":\"Canal boat &quot;AMBE R\\u012aGA&quot; (Price for 1 hour)\",\"description\":\"\",\"capacityType\":\"unlimited\",\"price\":180,\"capacity\":\"\",\"available\":-1,\"sharedCapacity\":\"\",\"sold\":0,\"shareSold\":0,\"isShared\":true,\"currencyDecimalPoint\":\".\",\"currencyNumberOfDecimals\":2,\"currencyPosition\":\"prefix\",\"currencySymbol\":\"$\",\"currencyThousandsSep\":\",\"},{\"id\":14917,\"type\":\"default\",\"title\":\"Canal boat &quot;AURORA&quot; (Price for 1 hour)\",\"description\":\"\",\"capacityType\":\"unlimited\",\"price\":180,\"capacity\":\"\",\"available\":-1,\"sharedCapacity\":\"\",\"sold\":0,\"shareSold\":0,\"isShared\":true,\"currencyDecimalPoint\":\".\",\"currencyNumberOfDecimals\":2,\"currencyPosition\":\"prefix\",\"currencySymbol\":\"$\",\"currencyThousandsSep\":\",\"},{\"id\":14918,\"type\":\"default\",\"title\":\"Canal boat &quot;ANNABELLA&quot; (Price for 1 hour)\",\"description\":\"\",\"capacityType\":\"unlimited\",\"price\":180,\"capacity\":\"\",\"available\":-1,\"sharedCapacity\":\"\",\"sold\":4,\"shareSold\":4,\"isShared\":true,\"currencyDecimalPoint\":\".\",\"currencyNumberOfDecimals\":2,\"currencyPosition\":\"prefix\",\"currencySymbol\":\"$\",\"currencyThousandsSep\":\",\"},{\"id\":14919,\"type\":\"default\",\"title\":\"Canal boat &quot;ARABELLA&quot; (Price for 1 hour)\",\"description\":\"\",\"capacityType\":\"unlimited\",\"price\":180,\"capacity\":\"\",\"available\":-1,\"sharedCapacity\":\"\",\"sold\":1,\"shareSold\":1,\"isShared\":true,\"currencyDecimalPoint\":\".\",\"currencyNumberOfDecimals\":2,\"currencyPosition\":\"prefix\",\"currencySymbol\":\"$\",\"currencyThousandsSep\":\",\"},{\"id\":14920,\"type\":\"default\",\"title\":\"River boat &quot;ELIZABETE&quot; (Price for 1 hour)\",\"description\":\"\",\"capacityType\":\"unlimited\",\"price\":220,\"capacity\":\"\",\"available\":-1,\"sharedCapacity\":\"\",\"sold\":2,\"shareSold\":2,\"isShared\":true,\"currencyDecimalPoint\":\".\",\"currencyNumberOfDecimals\":2,\"currencyPosition\":\"prefix\",\"currencySymbol\":\"$\",\"currencyThousandsSep\":\",\"},{\"id\":14921,\"type\":\"default\",\"title\":\"River boat &quot;AGNES&quot; (Price for 1 hour)\",\"description\":\"\",\"capacityType\":\"unlimited\",\"price\":220,\"capacity\":\"\",\"available\":-1,\"sharedCapacity\":\"\",\"sold\":4,\"shareSold\":4,\"isShared\":true,\"currencyDecimalPoint\":\".\",\"currencyNumberOfDecimals\":2,\"currencyPosition\":\"prefix\",\"currencySymbol\":\"$\",\"currencyThousandsSep\":\",\"}]","_tribe_ticket_has_attendee_info_fields":false,"footnotes":"","_tec_slr_enabled":"","_tec_slr_layout":""},"class_list":["post-14915","page","type-page","status-publish","has-post-thumbnail","hentry"],"yoast_head":"<!-- This site is optimized with the Yoast SEO Premium plugin v27.4 (Yoast SEO v27.4) - https:\/\/yoast.com\/product\/yoast-seo-premium-wordpress\/ -->\n<title>Boat rent | Jaun\u0101 Vecr\u012bga<\/title>\n<meta name=\"robots\" content=\"index, follow, max-snippet:-1, max-image-preview:large, max-video-preview:-1\" \/>\n<link rel=\"canonical\" href=\"https:\/\/jaunavecriga.lv\/biletes-kugu-noma\/\" \/>\n<meta property=\"og:locale\" content=\"en_US\" \/>\n<meta property=\"og:type\" content=\"article\" \/>\n<meta property=\"og:title\" content=\"Boat rent | Jaun\u0101 Vecr\u012bga\" \/>\n<meta property=\"og:description\" content=\"Before buying, contact us to reserve the available time! Season 01.04.2026 &#8211; 30.11.2026 Present your ticket by phone! Changes in during business hours!\" \/>\n<meta property=\"og:url\" content=\"https:\/\/jaunavecriga.lv\/biletes-kugu-noma\/\" \/>\n<meta property=\"og:site_name\" content=\"Jaun\u0101 Vecr\u012bga\" \/>\n<meta property=\"article:publisher\" content=\"https:\/\/www.facebook.com\/RiverCruisesLatvia\" \/>\n<meta property=\"article:modified_time\" content=\"2026-02-01T12:30:21+00:00\" \/>\n<meta property=\"og:image\" content=\"https:\/\/jaunavecriga.lv\/wp-content\/uploads\/2021\/06\/Cover-photo-kugisu-noma-lv.png\" \/>\n\t<meta property=\"og:image:width\" content=\"700\" \/>\n\t<meta property=\"og:image:height\" content=\"700\" \/>\n\t<meta property=\"og:image:type\" content=\"image\/png\" \/>\n<meta name=\"twitter:card\" content=\"summary_large_image\" \/>\n<meta name=\"twitter:title\" content=\"Jaun\u0101 Vecr\u012bga - Ku\u0123u satiksme R\u012bg\u0101 un J\u016brmal\u0101\" \/>\n<meta name=\"twitter:site\" content=\"@RiverCruisesLV\" \/>\n<script type=\"application\/ld+json\" class=\"yoast-schema-graph\">{\"@context\":\"https:\\\/\\\/schema.org\",\"@graph\":[{\"@type\":\"WebPage\",\"@id\":\"https:\\\/\\\/jaunavecriga.lv\\\/biletes-kugu-noma\\\/\",\"url\":\"https:\\\/\\\/jaunavecriga.lv\\\/biletes-kugu-noma\\\/\",\"name\":\"Boat rent | Jaun\u0101 Vecr\u012bga\",\"isPartOf\":{\"@id\":\"https:\\\/\\\/jaunavecriga.lv\\\/#website\"},\"primaryImageOfPage\":{\"@id\":\"https:\\\/\\\/jaunavecriga.lv\\\/biletes-kugu-noma\\\/#primaryimage\"},\"image\":{\"@id\":\"https:\\\/\\\/jaunavecriga.lv\\\/biletes-kugu-noma\\\/#primaryimage\"},\"thumbnailUrl\":\"https:\\\/\\\/jaunavecriga.lv\\\/wp-content\\\/uploads\\\/2021\\\/06\\\/Cover-photo-kugisu-noma-lv.png\",\"datePublished\":\"2021-06-13T17:46:43+00:00\",\"dateModified\":\"2026-02-01T12:30:21+00:00\",\"breadcrumb\":{\"@id\":\"https:\\\/\\\/jaunavecriga.lv\\\/biletes-kugu-noma\\\/#breadcrumb\"},\"inLanguage\":\"en-US\",\"potentialAction\":[{\"@type\":\"ReadAction\",\"target\":[\"https:\\\/\\\/jaunavecriga.lv\\\/biletes-kugu-noma\\\/\"]}]},{\"@type\":\"ImageObject\",\"inLanguage\":\"en-US\",\"@id\":\"https:\\\/\\\/jaunavecriga.lv\\\/biletes-kugu-noma\\\/#primaryimage\",\"url\":\"https:\\\/\\\/jaunavecriga.lv\\\/wp-content\\\/uploads\\\/2021\\\/06\\\/Cover-photo-kugisu-noma-lv.png\",\"contentUrl\":\"https:\\\/\\\/jaunavecriga.lv\\\/wp-content\\\/uploads\\\/2021\\\/06\\\/Cover-photo-kugisu-noma-lv.png\",\"width\":700,\"height\":700},{\"@type\":\"BreadcrumbList\",\"@id\":\"https:\\\/\\\/jaunavecriga.lv\\\/biletes-kugu-noma\\\/#breadcrumb\",\"itemListElement\":[{\"@type\":\"ListItem\",\"position\":1,\"name\":\"Home\",\"item\":\"https:\\\/\\\/jaunavecriga.lv\\\/ru\\\/\"},{\"@type\":\"ListItem\",\"position\":2,\"name\":\"Boat rent\"}]},{\"@type\":\"WebSite\",\"@id\":\"https:\\\/\\\/jaunavecriga.lv\\\/#website\",\"url\":\"https:\\\/\\\/jaunavecriga.lv\\\/\",\"name\":\"Jaun\u0101 Vecr\u012bga\",\"description\":\"Ku\u0123i pa Daugavu uz J\u016brmalu, Me\u017eaparku un R\u012bgas kan\u0101lu\",\"publisher\":{\"@id\":\"https:\\\/\\\/jaunavecriga.lv\\\/#organization\"},\"potentialAction\":[{\"@type\":\"SearchAction\",\"target\":{\"@type\":\"EntryPoint\",\"urlTemplate\":\"https:\\\/\\\/jaunavecriga.lv\\\/?s={search_term_string}\"},\"query-input\":{\"@type\":\"PropertyValueSpecification\",\"valueRequired\":true,\"valueName\":\"search_term_string\"}}],\"inLanguage\":\"en-US\"},{\"@type\":\"Organization\",\"@id\":\"https:\\\/\\\/jaunavecriga.lv\\\/#organization\",\"name\":\"SIA \\\"Jaun\u0101 Vecr\u012bga\\\"\",\"alternateName\":\"RCL\",\"url\":\"https:\\\/\\\/jaunavecriga.lv\\\/\",\"logo\":{\"@type\":\"ImageObject\",\"inLanguage\":\"en-US\",\"@id\":\"https:\\\/\\\/jaunavecriga.lv\\\/#\\\/schema\\\/logo\\\/image\\\/\",\"url\":\"https:\\\/\\\/jaunavecriga.lv\\\/wp-content\\\/uploads\\\/2025\\\/04\\\/New-RiverCruises-white-BG-1.jpg\",\"contentUrl\":\"https:\\\/\\\/jaunavecriga.lv\\\/wp-content\\\/uploads\\\/2025\\\/04\\\/New-RiverCruises-white-BG-1.jpg\",\"width\":850,\"height\":850,\"caption\":\"SIA \\\"Jaun\u0101 Vecr\u012bga\\\"\"},\"image\":{\"@id\":\"https:\\\/\\\/jaunavecriga.lv\\\/#\\\/schema\\\/logo\\\/image\\\/\"},\"sameAs\":[\"https:\\\/\\\/www.facebook.com\\\/RiverCruisesLatvia\",\"https:\\\/\\\/x.com\\\/RiverCruisesLV\",\"https:\\\/\\\/www.instagram.com\\\/rivercruises_latvia\\\/\",\"https:\\\/\\\/www.youtube.com\\\/channel\\\/UCr_CMDNcQ8tSAoDFwEt_HFA\",\"https:\\\/\\\/www.tiktok.com\\\/@rivercruiseslatvia\"]}]}<\/script>\n<!-- \/ Yoast SEO Premium plugin. -->","yoast_head_json":{"title":"Boat rent | Jaun\u0101 Vecr\u012bga","robots":{"index":"index","follow":"follow","max-snippet":"max-snippet:-1","max-image-preview":"max-image-preview:large","max-video-preview":"max-video-preview:-1"},"canonical":"https:\/\/jaunavecriga.lv\/biletes-kugu-noma\/","og_locale":"en_US","og_type":"article","og_title":"Boat rent | Jaun\u0101 Vecr\u012bga","og_description":"Before buying, contact us to reserve the available time! Season 01.04.2026 &#8211; 30.11.2026 Present your ticket by phone! Changes in during business hours!","og_url":"https:\/\/jaunavecriga.lv\/biletes-kugu-noma\/","og_site_name":"Jaun\u0101 Vecr\u012bga","article_publisher":"https:\/\/www.facebook.com\/RiverCruisesLatvia","article_modified_time":"2026-02-01T12:30:21+00:00","og_image":[{"width":700,"height":700,"url":"https:\/\/jaunavecriga.lv\/wp-content\/uploads\/2021\/06\/Cover-photo-kugisu-noma-lv.png","type":"image\/png"}],"twitter_card":"summary_large_image","twitter_title":"Jaun\u0101 Vecr\u012bga - Ku\u0123u satiksme R\u012bg\u0101 un J\u016brmal\u0101","twitter_site":"@RiverCruisesLV","schema":{"@context":"https:\/\/schema.org","@graph":[{"@type":"WebPage","@id":"https:\/\/jaunavecriga.lv\/biletes-kugu-noma\/","url":"https:\/\/jaunavecriga.lv\/biletes-kugu-noma\/","name":"Boat rent | Jaun\u0101 Vecr\u012bga","isPartOf":{"@id":"https:\/\/jaunavecriga.lv\/#website"},"primaryImageOfPage":{"@id":"https:\/\/jaunavecriga.lv\/biletes-kugu-noma\/#primaryimage"},"image":{"@id":"https:\/\/jaunavecriga.lv\/biletes-kugu-noma\/#primaryimage"},"thumbnailUrl":"https:\/\/jaunavecriga.lv\/wp-content\/uploads\/2021\/06\/Cover-photo-kugisu-noma-lv.png","datePublished":"2021-06-13T17:46:43+00:00","dateModified":"2026-02-01T12:30:21+00:00","breadcrumb":{"@id":"https:\/\/jaunavecriga.lv\/biletes-kugu-noma\/#breadcrumb"},"inLanguage":"en-US","potentialAction":[{"@type":"ReadAction","target":["https:\/\/jaunavecriga.lv\/biletes-kugu-noma\/"]}]},{"@type":"ImageObject","inLanguage":"en-US","@id":"https:\/\/jaunavecriga.lv\/biletes-kugu-noma\/#primaryimage","url":"https:\/\/jaunavecriga.lv\/wp-content\/uploads\/2021\/06\/Cover-photo-kugisu-noma-lv.png","contentUrl":"https:\/\/jaunavecriga.lv\/wp-content\/uploads\/2021\/06\/Cover-photo-kugisu-noma-lv.png","width":700,"height":700},{"@type":"BreadcrumbList","@id":"https:\/\/jaunavecriga.lv\/biletes-kugu-noma\/#breadcrumb","itemListElement":[{"@type":"ListItem","position":1,"name":"Home","item":"https:\/\/jaunavecriga.lv\/ru\/"},{"@type":"ListItem","position":2,"name":"Boat rent"}]},{"@type":"WebSite","@id":"https:\/\/jaunavecriga.lv\/#website","url":"https:\/\/jaunavecriga.lv\/","name":"Jaun\u0101 Vecr\u012bga","description":"Ku\u0123i pa Daugavu uz J\u016brmalu, Me\u017eaparku un R\u012bgas kan\u0101lu","publisher":{"@id":"https:\/\/jaunavecriga.lv\/#organization"},"potentialAction":[{"@type":"SearchAction","target":{"@type":"EntryPoint","urlTemplate":"https:\/\/jaunavecriga.lv\/?s={search_term_string}"},"query-input":{"@type":"PropertyValueSpecification","valueRequired":true,"valueName":"search_term_string"}}],"inLanguage":"en-US"},{"@type":"Organization","@id":"https:\/\/jaunavecriga.lv\/#organization","name":"SIA \"Jaun\u0101 Vecr\u012bga\"","alternateName":"RCL","url":"https:\/\/jaunavecriga.lv\/","logo":{"@type":"ImageObject","inLanguage":"en-US","@id":"https:\/\/jaunavecriga.lv\/#\/schema\/logo\/image\/","url":"https:\/\/jaunavecriga.lv\/wp-content\/uploads\/2025\/04\/New-RiverCruises-white-BG-1.jpg","contentUrl":"https:\/\/jaunavecriga.lv\/wp-content\/uploads\/2025\/04\/New-RiverCruises-white-BG-1.jpg","width":850,"height":850,"caption":"SIA \"Jaun\u0101 Vecr\u012bga\""},"image":{"@id":"https:\/\/jaunavecriga.lv\/#\/schema\/logo\/image\/"},"sameAs":["https:\/\/www.facebook.com\/RiverCruisesLatvia","https:\/\/x.com\/RiverCruisesLV","https:\/\/www.instagram.com\/rivercruises_latvia\/","https:\/\/www.youtube.com\/channel\/UCr_CMDNcQ8tSAoDFwEt_HFA","https:\/\/www.tiktok.com\/@rivercruiseslatvia"]}]}},"ticketed":["woo"],"_links":{"self":[{"href":"https:\/\/jaunavecriga.lv\/en\/wp-json\/wp\/v2\/pages\/14915","targetHints":{"allow":["GET"]}}],"collection":[{"href":"https:\/\/jaunavecriga.lv\/en\/wp-json\/wp\/v2\/pages"}],"about":[{"href":"https:\/\/jaunavecriga.lv\/en\/wp-json\/wp\/v2\/types\/page"}],"author":[{"embeddable":true,"href":"https:\/\/jaunavecriga.lv\/en\/wp-json\/wp\/v2\/users\/1001002"}],"replies":[{"embeddable":true,"href":"https:\/\/jaunavecriga.lv\/en\/wp-json\/wp\/v2\/comments?post=14915"}],"version-history":[{"count":8,"href":"https:\/\/jaunavecriga.lv\/en\/wp-json\/wp\/v2\/pages\/14915\/revisions"}],"predecessor-version":[{"id":105402,"href":"https:\/\/jaunavecriga.lv\/en\/wp-json\/wp\/v2\/pages\/14915\/revisions\/105402"}],"wp:featuredmedia":[{"embeddable":true,"href":"https:\/\/jaunavecriga.lv\/en\/wp-json\/wp\/v2\/media\/14934"}],"wp:attachment":[{"href":"https:\/\/jaunavecriga.lv\/en\/wp-json\/wp\/v2\/media?parent=14915"}],"curies":[{"name":"wp","href":"https:\/\/api.w.org\/{rel}","templated":true}]}}