{"id":101777,"date":"2025-07-03T16:21:08","date_gmt":"2025-07-03T13:21:08","guid":{"rendered":"https:\/\/jaunavecriga.lv\/%d0%ba%d0%be%d1%80%d0%b7%d0%b8%d0%bd%d0%b0\/"},"modified":"2025-07-03T16:21:08","modified_gmt":"2025-07-03T13:21:08","slug":"%d0%ba%d0%be%d1%80%d0%b7%d0%b8%d0%bd%d0%b0","status":"publish","type":"page","link":"https:\/\/jaunavecriga.lv\/ru\/%d0%ba%d0%be%d1%80%d0%b7%d0%b8%d0%bd%d0%b0\/","title":{"rendered":"\u041a\u043e\u0440\u0437\u0438\u043d\u0430"},"content":{"rendered":"\n","protected":false},"excerpt":{"rendered":"","protected":false},"author":1001002,"featured_media":0,"parent":0,"menu_order":0,"comment_status":"closed","ping_status":"closed","template":"","meta":{"_monsterinsights_skip_tracking":false,"_monsterinsights_sitenote_active":false,"_monsterinsights_sitenote_note":"","_monsterinsights_sitenote_category":0,"_price":"","_stock":"","_tribe_ticket_header":"","_tribe_default_ticket_provider":"","_tribe_ticket_capacity":"0","_ticket_start_date":"","_ticket_end_date":"","_tribe_ticket_show_description":"","_tribe_ticket_show_not_going":false,"_tribe_ticket_use_global_stock":"","_tribe_ticket_global_stock_level":"","_global_stock_mode":"","_global_stock_cap":"","_tribe_rsvp_for_event":"","_tribe_ticket_going_count":"","_tribe_ticket_not_going_count":"","_tribe_tickets_list":"[]","_tribe_ticket_has_attendee_info_fields":false,"footnotes":"","_tec_slr_enabled":"","_tec_slr_layout":""},"class_list":["post-101777","page","type-page","status-publish","hentry"],"yoast_head":"<!-- This site is optimized with the Yoast SEO Premium plugin v27.4 (Yoast SEO v27.4) - https:\/\/yoast.com\/product\/yoast-seo-premium-wordpress\/ -->\n<title>\u041a\u043e\u0440\u0437\u0438\u043d\u0430 &#8211; Jaun\u0101 Vecr\u012bga<\/title>\n<meta name=\"robots\" content=\"index, follow, max-snippet:-1, max-image-preview:large, max-video-preview:-1\" \/>\n<link rel=\"canonical\" href=\"https:\/\/jaunavecriga.lv\/ru\/\u043a\u043e\u0440\u0437\u0438\u043d\u0430\/\" \/>\n<meta property=\"og:locale\" content=\"ru_RU\" \/>\n<meta property=\"og:type\" content=\"article\" \/>\n<meta property=\"og:title\" content=\"Jaun\u0101 Vecr\u012bga - Ku\u0123u satiksme R\u012bg\u0101 un J\u016brmal\u0101\" \/>\n<meta property=\"og:url\" content=\"https:\/\/jaunavecriga.lv\/ru\/\u043a\u043e\u0440\u0437\u0438\u043d\u0430\/\" \/>\n<meta property=\"og:site_name\" content=\"Jaun\u0101 Vecr\u012bga\" \/>\n<meta property=\"article:publisher\" content=\"https:\/\/www.facebook.com\/RiverCruisesLatvia\" \/>\n<meta property=\"og:image\" content=\"https:\/\/jaunavecriga.lv\/wp-content\/uploads\/2025\/07\/Photo-13-07-2025-19-30-03.jpg\" \/>\n\t<meta property=\"og:image:width\" content=\"1791\" \/>\n\t<meta property=\"og:image:height\" content=\"2048\" \/>\n\t<meta property=\"og:image:type\" content=\"image\/jpeg\" \/>\n<meta name=\"twitter:card\" content=\"summary_large_image\" \/>\n<meta name=\"twitter:site\" content=\"@RiverCruisesLV\" \/>\n<script type=\"application\/ld+json\" class=\"yoast-schema-graph\">{\"@context\":\"https:\\\/\\\/schema.org\",\"@graph\":[{\"@type\":\"WebPage\",\"@id\":\"https:\\\/\\\/jaunavecriga.lv\\\/ru\\\/%d0%ba%d0%be%d1%80%d0%b7%d0%b8%d0%bd%d0%b0\\\/\",\"url\":\"https:\\\/\\\/jaunavecriga.lv\\\/ru\\\/%d0%ba%d0%be%d1%80%d0%b7%d0%b8%d0%bd%d0%b0\\\/\",\"name\":\"\u041a\u043e\u0440\u0437\u0438\u043d\u0430 &#8211; Jaun\u0101 Vecr\u012bga\",\"isPartOf\":{\"@id\":\"https:\\\/\\\/jaunavecriga.lv\\\/#website\"},\"datePublished\":\"2025-07-03T13:21:08+00:00\",\"breadcrumb\":{\"@id\":\"https:\\\/\\\/jaunavecriga.lv\\\/ru\\\/%d0%ba%d0%be%d1%80%d0%b7%d0%b8%d0%bd%d0%b0\\\/#breadcrumb\"},\"inLanguage\":\"ru-RU\",\"potentialAction\":[{\"@type\":\"ReadAction\",\"target\":[\"https:\\\/\\\/jaunavecriga.lv\\\/ru\\\/%d0%ba%d0%be%d1%80%d0%b7%d0%b8%d0%bd%d0%b0\\\/\"]}]},{\"@type\":\"BreadcrumbList\",\"@id\":\"https:\\\/\\\/jaunavecriga.lv\\\/ru\\\/%d0%ba%d0%be%d1%80%d0%b7%d0%b8%d0%bd%d0%b0\\\/#breadcrumb\",\"itemListElement\":[{\"@type\":\"ListItem\",\"position\":1,\"name\":\"Home\",\"item\":\"https:\\\/\\\/jaunavecriga.lv\\\/ru\\\/\"},{\"@type\":\"ListItem\",\"position\":2,\"name\":\"\u041a\u043e\u0440\u0437\u0438\u043d\u0430\"}]},{\"@type\":\"WebSite\",\"@id\":\"https:\\\/\\\/jaunavecriga.lv\\\/#website\",\"url\":\"https:\\\/\\\/jaunavecriga.lv\\\/\",\"name\":\"Jaun\u0101 Vecr\u012bga\",\"description\":\"Ku\u0123i pa Daugavu uz J\u016brmalu, Me\u017eaparku un R\u012bgas kan\u0101lu\",\"publisher\":{\"@id\":\"https:\\\/\\\/jaunavecriga.lv\\\/#organization\"},\"potentialAction\":[{\"@type\":\"SearchAction\",\"target\":{\"@type\":\"EntryPoint\",\"urlTemplate\":\"https:\\\/\\\/jaunavecriga.lv\\\/?s={search_term_string}\"},\"query-input\":{\"@type\":\"PropertyValueSpecification\",\"valueRequired\":true,\"valueName\":\"search_term_string\"}}],\"inLanguage\":\"ru-RU\"},{\"@type\":\"Organization\",\"@id\":\"https:\\\/\\\/jaunavecriga.lv\\\/#organization\",\"name\":\"SIA \\\"Jaun\u0101 Vecr\u012bga\\\"\",\"alternateName\":\"RCL\",\"url\":\"https:\\\/\\\/jaunavecriga.lv\\\/\",\"logo\":{\"@type\":\"ImageObject\",\"inLanguage\":\"ru-RU\",\"@id\":\"https:\\\/\\\/jaunavecriga.lv\\\/#\\\/schema\\\/logo\\\/image\\\/\",\"url\":\"https:\\\/\\\/jaunavecriga.lv\\\/wp-content\\\/uploads\\\/2025\\\/04\\\/New-RiverCruises-white-BG-1.jpg\",\"contentUrl\":\"https:\\\/\\\/jaunavecriga.lv\\\/wp-content\\\/uploads\\\/2025\\\/04\\\/New-RiverCruises-white-BG-1.jpg\",\"width\":850,\"height\":850,\"caption\":\"SIA \\\"Jaun\u0101 Vecr\u012bga\\\"\"},\"image\":{\"@id\":\"https:\\\/\\\/jaunavecriga.lv\\\/#\\\/schema\\\/logo\\\/image\\\/\"},\"sameAs\":[\"https:\\\/\\\/www.facebook.com\\\/RiverCruisesLatvia\",\"https:\\\/\\\/x.com\\\/RiverCruisesLV\",\"https:\\\/\\\/www.instagram.com\\\/rivercruises_latvia\\\/\",\"https:\\\/\\\/www.youtube.com\\\/channel\\\/UCr_CMDNcQ8tSAoDFwEt_HFA\",\"https:\\\/\\\/www.tiktok.com\\\/@rivercruiseslatvia\"]}]}<\/script>\n<!-- \/ Yoast SEO Premium plugin. -->","yoast_head_json":{"title":"\u041a\u043e\u0440\u0437\u0438\u043d\u0430 &#8211; Jaun\u0101 Vecr\u012bga","robots":{"index":"index","follow":"follow","max-snippet":"max-snippet:-1","max-image-preview":"max-image-preview:large","max-video-preview":"max-video-preview:-1"},"canonical":"https:\/\/jaunavecriga.lv\/ru\/\u043a\u043e\u0440\u0437\u0438\u043d\u0430\/","og_locale":"ru_RU","og_type":"article","og_title":"Jaun\u0101 Vecr\u012bga - Ku\u0123u satiksme R\u012bg\u0101 un J\u016brmal\u0101","og_url":"https:\/\/jaunavecriga.lv\/ru\/\u043a\u043e\u0440\u0437\u0438\u043d\u0430\/","og_site_name":"Jaun\u0101 Vecr\u012bga","article_publisher":"https:\/\/www.facebook.com\/RiverCruisesLatvia","og_image":[{"width":1791,"height":2048,"url":"https:\/\/jaunavecriga.lv\/wp-content\/uploads\/2025\/07\/Photo-13-07-2025-19-30-03.jpg","type":"image\/jpeg"}],"twitter_card":"summary_large_image","twitter_site":"@RiverCruisesLV","schema":{"@context":"https:\/\/schema.org","@graph":[{"@type":"WebPage","@id":"https:\/\/jaunavecriga.lv\/ru\/%d0%ba%d0%be%d1%80%d0%b7%d0%b8%d0%bd%d0%b0\/","url":"https:\/\/jaunavecriga.lv\/ru\/%d0%ba%d0%be%d1%80%d0%b7%d0%b8%d0%bd%d0%b0\/","name":"\u041a\u043e\u0440\u0437\u0438\u043d\u0430 &#8211; Jaun\u0101 Vecr\u012bga","isPartOf":{"@id":"https:\/\/jaunavecriga.lv\/#website"},"datePublished":"2025-07-03T13:21:08+00:00","breadcrumb":{"@id":"https:\/\/jaunavecriga.lv\/ru\/%d0%ba%d0%be%d1%80%d0%b7%d0%b8%d0%bd%d0%b0\/#breadcrumb"},"inLanguage":"ru-RU","potentialAction":[{"@type":"ReadAction","target":["https:\/\/jaunavecriga.lv\/ru\/%d0%ba%d0%be%d1%80%d0%b7%d0%b8%d0%bd%d0%b0\/"]}]},{"@type":"BreadcrumbList","@id":"https:\/\/jaunavecriga.lv\/ru\/%d0%ba%d0%be%d1%80%d0%b7%d0%b8%d0%bd%d0%b0\/#breadcrumb","itemListElement":[{"@type":"ListItem","position":1,"name":"Home","item":"https:\/\/jaunavecriga.lv\/ru\/"},{"@type":"ListItem","position":2,"name":"\u041a\u043e\u0440\u0437\u0438\u043d\u0430"}]},{"@type":"WebSite","@id":"https:\/\/jaunavecriga.lv\/#website","url":"https:\/\/jaunavecriga.lv\/","name":"Jaun\u0101 Vecr\u012bga","description":"Ku\u0123i pa Daugavu uz J\u016brmalu, Me\u017eaparku un R\u012bgas kan\u0101lu","publisher":{"@id":"https:\/\/jaunavecriga.lv\/#organization"},"potentialAction":[{"@type":"SearchAction","target":{"@type":"EntryPoint","urlTemplate":"https:\/\/jaunavecriga.lv\/?s={search_term_string}"},"query-input":{"@type":"PropertyValueSpecification","valueRequired":true,"valueName":"search_term_string"}}],"inLanguage":"ru-RU"},{"@type":"Organization","@id":"https:\/\/jaunavecriga.lv\/#organization","name":"SIA \"Jaun\u0101 Vecr\u012bga\"","alternateName":"RCL","url":"https:\/\/jaunavecriga.lv\/","logo":{"@type":"ImageObject","inLanguage":"ru-RU","@id":"https:\/\/jaunavecriga.lv\/#\/schema\/logo\/image\/","url":"https:\/\/jaunavecriga.lv\/wp-content\/uploads\/2025\/04\/New-RiverCruises-white-BG-1.jpg","contentUrl":"https:\/\/jaunavecriga.lv\/wp-content\/uploads\/2025\/04\/New-RiverCruises-white-BG-1.jpg","width":850,"height":850,"caption":"SIA \"Jaun\u0101 Vecr\u012bga\""},"image":{"@id":"https:\/\/jaunavecriga.lv\/#\/schema\/logo\/image\/"},"sameAs":["https:\/\/www.facebook.com\/RiverCruisesLatvia","https:\/\/x.com\/RiverCruisesLV","https:\/\/www.instagram.com\/rivercruises_latvia\/","https:\/\/www.youtube.com\/channel\/UCr_CMDNcQ8tSAoDFwEt_HFA","https:\/\/www.tiktok.com\/@rivercruiseslatvia"]}]}},"ticketed":false,"_links":{"self":[{"href":"https:\/\/jaunavecriga.lv\/ru\/wp-json\/wp\/v2\/pages\/101777","targetHints":{"allow":["GET"]}}],"collection":[{"href":"https:\/\/jaunavecriga.lv\/ru\/wp-json\/wp\/v2\/pages"}],"about":[{"href":"https:\/\/jaunavecriga.lv\/ru\/wp-json\/wp\/v2\/types\/page"}],"author":[{"embeddable":true,"href":"https:\/\/jaunavecriga.lv\/ru\/wp-json\/wp\/v2\/users\/1001002"}],"replies":[{"embeddable":true,"href":"https:\/\/jaunavecriga.lv\/ru\/wp-json\/wp\/v2\/comments?post=101777"}],"version-history":[{"count":0,"href":"https:\/\/jaunavecriga.lv\/ru\/wp-json\/wp\/v2\/pages\/101777\/revisions"}],"wp:attachment":[{"href":"https:\/\/jaunavecriga.lv\/ru\/wp-json\/wp\/v2\/media?parent=101777"}],"curies":[{"name":"wp","href":"https:\/\/api.w.org\/{rel}","templated":true}]}}