{"id":105862,"date":"2026-03-04T08:10:59","date_gmt":"2026-03-04T06:10:59","guid":{"rendered":"https:\/\/jaunavecriga.lv\/?page_id=105862"},"modified":"2026-03-04T10:13:50","modified_gmt":"2026-03-04T08:13:50","slug":"bilety-jurmala-riga","status":"publish","type":"page","link":"https:\/\/jaunavecriga.lv\/ru\/bilety-jurmala-riga\/","title":{"rendered":"Bilety Jurmala &#8212; Riga"},"content":{"rendered":"\t\t<div data-elementor-type=\"wp-page\" data-elementor-id=\"105862\" class=\"elementor elementor-105862 elementor-105800\" data-elementor-post-type=\"page\">\n\t\t\t\t<div class=\"elementor-element elementor-element-1ebb1959 e-flex e-con-boxed e-con e-parent\" data-id=\"1ebb1959\" data-element_type=\"container\" data-e-type=\"container\">\n\t\t\t\t\t<div class=\"e-con-inner\">\n\t\t\t\t<div class=\"elementor-element elementor-element-21ef6708 elementor-widget elementor-widget-text-editor\" data-id=\"21ef6708\" data-element_type=\"widget\" data-e-type=\"widget\" data-widget_type=\"text-editor.default\">\n\t\t\t\t<div class=\"elementor-widget-container\">\n\t\t\t\t\t\t\t\t\t<div class=\"elementor-element elementor-element-39a1f53b e-flex e-con-boxed e-con e-parent e-lazyloaded\" data-id=\"39a1f53b\" data-element_type=\"container\"><div class=\"e-con-inner\"><div class=\"elementor-element elementor-element-19b6dd1a elementor-widget elementor-widget-text-editor\" data-id=\"19b6dd1a\" data-element_type=\"widget\" data-widget_type=\"text-editor.default\"><div class=\"elementor-widget-container\"><p>\u0421\u0435\u0437\u043e\u043d 02.05.2026-13.09.2026<\/p><\/div><\/div><\/div><\/div>\t\t\t\t\t\t\t\t<\/div>\n\t\t\t\t<\/div>\n\t\t\t\t\t<\/div>\n\t\t\t\t<\/div>\n\t\t<div class=\"elementor-element elementor-element-6a0e4899 e-flex e-con-boxed e-con e-parent\" data-id=\"6a0e4899\" data-element_type=\"container\" data-e-type=\"container\">\n\t\t\t\t\t<div class=\"e-con-inner\">\n\t\t<a class=\"elementor-element elementor-element-3751a049 e-con-full e-flex e-con e-child\" data-id=\"3751a049\" data-element_type=\"container\" data-e-type=\"container\" href=\"https:\/\/maps.app.goo.gl\/aZm9AtMvRPziyvJc8\" target=\"_blank\">\n\t\t\t\t<div class=\"elementor-element elementor-element-33dba65d elementor-mobile-align-center elementor-icon-list--layout-traditional elementor-list-item-link-full_width elementor-widget elementor-widget-icon-list\" data-id=\"33dba65d\" data-element_type=\"widget\" data-e-type=\"widget\" data-widget_type=\"icon-list.default\">\n\t\t\t\t<div class=\"elementor-widget-container\">\n\t\t\t\t\t\t\t<ul class=\"elementor-icon-list-items\">\n\t\t\t\t\t\t\t<li class=\"elementor-icon-list-item\">\n\t\t\t\t\t\t\t\t\t\t\t<span class=\"elementor-icon-list-icon\">\n\t\t\t\t\t\t\t<svg xmlns=\"http:\/\/www.w3.org\/2000\/svg\" id=\"Layer_1\" viewBox=\"0 0 100 100\"><defs><style>      .st0 {        fill-rule: evenodd;      }    <\/style><\/defs><path class=\"st0\" d=\"M30.75,59.27l19.25,24.07,19.25-24.07c3.72-4.65,5.75-10.43,5.75-16.38v-1.22c0-13.81-11.19-25-25-25s-25,11.19-25,25v1.22c0,5.95,2.03,11.73,5.75,16.38ZM50,55.51c7.65,0,13.84-6.2,13.84-13.84s-6.2-13.84-13.84-13.84-13.84,6.2-13.84,13.84,6.2,13.84,13.84,13.84Z\"><\/path><\/svg>\t\t\t\t\t\t<\/span>\n\t\t\t\t\t\t\t\t\t\t<span class=\"elementor-icon-list-text\">\u0420\u0430\u0441\u043f\u043e\u043b\u043e\u0436\u0435\u043d\u0438\u0435 \u043f\u0440\u0438\u0441\u0442\u0430\u043d\u0438 \u043d\u0430 \u043a\u0430\u0440\u0442\u0435 \u0441\u043c\u043e\u0442\u0440\u0438\u0442\u0435 \u0437\u0434\u0435\u0441\u044c<\/span>\n\t\t\t\t\t\t\t\t\t<\/li>\n\t\t\t\t\t\t<\/ul>\n\t\t\t\t\t\t<\/div>\n\t\t\t\t<\/div>\n\t\t\t\t<\/a>\n\t\t<a class=\"elementor-element elementor-element-26f2387d e-con-full e-flex e-con e-child\" data-id=\"26f2387d\" data-element_type=\"container\" data-e-type=\"container\" href=\"https:\/\/jaunavecriga.lv\/ru\/korablik-elizabete-v-jurmalu\/\" target=\"_blank\">\n\t\t\t\t<div class=\"elementor-element elementor-element-547b1d4f elementor-tablet-align-center elementor-icon-list--layout-traditional elementor-list-item-link-full_width elementor-widget elementor-widget-icon-list\" data-id=\"547b1d4f\" data-element_type=\"widget\" data-e-type=\"widget\" data-widget_type=\"icon-list.default\">\n\t\t\t\t<div class=\"elementor-widget-container\">\n\t\t\t\t\t\t\t<ul class=\"elementor-icon-list-items\">\n\t\t\t\t\t\t\t<li class=\"elementor-icon-list-item\">\n\t\t\t\t\t\t\t\t\t\t\t<span class=\"elementor-icon-list-icon\">\n\t\t\t\t\t\t\t<svg xmlns=\"http:\/\/www.w3.org\/2000\/svg\" id=\"Layer_1\" viewBox=\"0 0 100 100\"><path d=\"M50,85.54c-4.8,0-9.45-.94-13.83-2.79-4.23-1.79-8.03-4.35-11.3-7.61-3.26-3.26-5.82-7.06-7.61-11.3-1.85-4.38-2.79-9.04-2.79-13.83s.94-9.45,2.79-13.83c1.79-4.23,4.35-8.03,7.61-11.3,3.26-3.26,7.06-5.82,11.3-7.61,4.38-1.85,9.04-2.79,13.83-2.79s9.45.94,13.83,2.79c4.23,1.79,8.03,4.35,11.3,7.61,3.26,3.26,5.82,7.06,7.61,11.3,1.85,4.38,2.79,9.04,2.79,13.83s-.94,9.45-2.79,13.83c-1.79,4.23-4.35,8.03-7.61,11.3-3.26,3.26-7.06,5.82-11.3,7.61-4.38,1.85-9.04,2.79-13.83,2.79ZM50,21.57c-7.59,0-14.73,2.96-20.1,8.33-5.37,5.37-8.33,12.51-8.33,20.1s2.96,14.73,8.33,20.1c5.37,5.37,12.51,8.33,20.1,8.33s14.73-2.96,20.1-8.33c5.37-5.37,8.33-12.51,8.33-20.1s-2.96-14.73-8.33-20.1c-5.37-5.37-12.51-8.33-20.1-8.33ZM58.88,58.89c-.62,0-1.25-.16-1.83-.51l-8.88-5.33c-1.07-.64-1.73-1.8-1.73-3.05v-17.77c0-1.96,1.59-3.55,3.55-3.55s3.55,1.59,3.55,3.55v15.76l7.16,4.3c1.68,1.01,2.23,3.19,1.22,4.88-.67,1.11-1.84,1.73-3.05,1.73Z\"><\/path><\/svg>\t\t\t\t\t\t<\/span>\n\t\t\t\t\t\t\t\t\t\t<span class=\"elementor-icon-list-text\">\u0412\u0440\u0435\u043c\u044f \u0440\u0435\u0439\u0441\u0430<\/span>\n\t\t\t\t\t\t\t\t\t<\/li>\n\t\t\t\t\t\t<\/ul>\n\t\t\t\t\t\t<\/div>\n\t\t\t\t<\/div>\n\t\t\t\t<\/a>\n\t\t<a class=\"elementor-element elementor-element-39d067c3 e-con-full e-flex e-con e-child\" data-id=\"39d067c3\" data-element_type=\"container\" data-e-type=\"container\" href=\"https:\/\/jaunavecriga.lv\/ru\/%d0%b8%d0%b7%d0%bc%d0%b5%d0%bd%d0%b5%d0%bd%d0%b8%d1%8f-%d0%b2-%d1%80%d0%b0%d0%b1%d0%be%d1%87%d0%b5%d0%b5-%d0%b2%d1%80%d0%b5%d0%bc%d1%8f\/\" target=\"_blank\">\n\t\t\t\t<div class=\"elementor-element elementor-element-c39ac8 elementor-icon-list--layout-traditional elementor-list-item-link-full_width elementor-widget elementor-widget-icon-list\" data-id=\"c39ac8\" data-element_type=\"widget\" data-e-type=\"widget\" data-widget_type=\"icon-list.default\">\n\t\t\t\t<div class=\"elementor-widget-container\">\n\t\t\t\t\t\t\t<ul class=\"elementor-icon-list-items\">\n\t\t\t\t\t\t\t<li class=\"elementor-icon-list-item\">\n\t\t\t\t\t\t\t\t\t\t\t<span class=\"elementor-icon-list-icon\">\n\t\t\t\t\t\t\t<svg aria-hidden=\"true\" class=\"e-font-icon-svg e-fas-info-circle\" viewBox=\"0 0 512 512\" xmlns=\"http:\/\/www.w3.org\/2000\/svg\"><path d=\"M256 8C119.043 8 8 119.083 8 256c0 136.997 111.043 248 248 248s248-111.003 248-248C504 119.083 392.957 8 256 8zm0 110c23.196 0 42 18.804 42 42s-18.804 42-42 42-42-18.804-42-42 18.804-42 42-42zm56 254c0 6.627-5.373 12-12 12h-88c-6.627 0-12-5.373-12-12v-24c0-6.627 5.373-12 12-12h12v-64h-12c-6.627 0-12-5.373-12-12v-24c0-6.627 5.373-12 12-12h64c6.627 0 12 5.373 12 12v100h12c6.627 0 12 5.373 12 12v24z\"><\/path><\/svg>\t\t\t\t\t\t<\/span>\n\t\t\t\t\t\t\t\t\t\t<span class=\"elementor-icon-list-text\">\u0418\u0437\u043c\u0435\u043d\u0435\u043d\u0438\u044f \u0432 \u0440\u0430\u0431\u043e\u0447\u0435\u0435 \u0432\u0440\u0435\u043c\u044f<\/span>\n\t\t\t\t\t\t\t\t\t<\/li>\n\t\t\t\t\t\t<\/ul>\n\t\t\t\t\t\t<\/div>\n\t\t\t\t<\/div>\n\t\t\t\t<\/a>\n\t\t\t\t\t<\/div>\n\t\t\t\t<\/div>\n\t\t<div class=\"elementor-element elementor-element-766b4f6f e-flex e-con-boxed e-con e-parent\" data-id=\"766b4f6f\" data-element_type=\"container\" data-e-type=\"container\">\n\t\t\t\t\t<div class=\"e-con-inner\">\n\t\t\t\t<div class=\"elementor-element elementor-element-4d5f66b3 elementor-widget elementor-widget-text-editor\" data-id=\"4d5f66b3\" data-element_type=\"widget\" data-e-type=\"widget\" data-widget_type=\"text-editor.default\">\n\t\t\t\t<div class=\"elementor-widget-container\">\n\t\t\t\t\t\t\t\t\t<div class=\"flex flex-col text-sm pb-25\"><article class=\"text-token-text-primary w-full focus:outline-none [--shadow-height:45px] has-data-writing-block:pointer-events-none has-data-writing-block:-mt-(--shadow-height) has-data-writing-block:pt-(--shadow-height) [&amp;:has([data-writing-block])&gt;*]:pointer-events-auto scroll-mt-[calc(var(--header-height)+min(200px,max(70px,20svh)))]\" dir=\"auto\" tabindex=\"-1\" data-turn-id=\"request-WEB:d9ed4ed7-58d6-4085-a860-8789bee30a50-5\" data-testid=\"conversation-turn-12\" data-scroll-anchor=\"true\" data-turn=\"assistant\"><div class=\"text-base my-auto mx-auto pb-10 [--thread-content-margin:--spacing(4)] @w-sm\/main:[--thread-content-margin:--spacing(6)] @w-lg\/main:[--thread-content-margin:--spacing(16)] px-(--thread-content-margin)\"><div class=\"[--thread-content-max-width:40rem] @w-lg\/main:[--thread-content-max-width:48rem] mx-auto max-w-(--thread-content-max-width) flex-1 group\/turn-messages focus-visible:outline-hidden relative flex w-full min-w-0 flex-col agent-turn\" tabindex=\"-1\"><div class=\"flex max-w-full flex-col grow\"><div class=\"min-h-8 text-message relative flex w-full flex-col items-end gap-2 text-start break-words whitespace-normal [.text-message+&amp;]:mt-1\" dir=\"auto\" data-message-author-role=\"assistant\" data-message-id=\"3c9cf9f7-e4c3-46f5-bb75-8ef3d9341312\" data-message-model-slug=\"gpt-5-2-thinking\"><div class=\"flex w-full flex-col gap-1 empty:hidden first:pt-[1px]\"><div class=\"markdown prose dark:prose-invert w-full wrap-break-word light markdown-new-styling\"><p data-start=\"0\" data-end=\"46\" data-is-last-node=\"\" data-is-only-node=\"\"><span style=\"color: #000000;\"><strong data-start=\"0\" data-end=\"46\" data-is-last-node=\"\" data-is-only-node=\"\">\u0411\u0438\u043b\u0435\u0442 \u0434\u0435\u0439\u0441\u0442\u0432\u0438\u0442\u0435\u043b\u0435\u043d \u0432 \u0442\u0435\u0447\u0435\u043d\u0438\u0435 \u0432\u0441\u0435\u0433\u043e \u0441\u0435\u0437\u043e\u043d\u0430!<\/strong><\/span><\/p><\/div><\/div><\/div><\/div><\/div><\/div><\/article><\/div><p><span style=\"color: #000000;\">\u0412\u044b \u0434\u043e\u043b\u0436\u043d\u044b \u043f\u0440\u0438\u0431\u044b\u0442\u044c \u0437\u0430 30 \u043c\u0438\u043d\u0443\u0442 \u0434\u043e \u043e\u0442\u043f\u0440\u0430\u0432\u043b\u0435\u043d\u0438\u044f!<\/span><\/p>\t\t\t\t\t\t\t\t<\/div>\n\t\t\t\t<\/div>\n\t\t\t\t\t<\/div>\n\t\t\t\t<\/div>\n\t\t\t\t<\/div>\n\t\t","protected":false},"excerpt":{"rendered":"<p>\u0421\u0435\u0437\u043e\u043d 02.05.2026-13.09.2026 \u0420\u0430\u0441\u043f\u043e\u043b\u043e\u0436\u0435\u043d\u0438\u0435 \u043f\u0440\u0438\u0441\u0442\u0430\u043d\u0438 \u043d\u0430 \u043a\u0430\u0440\u0442\u0435 \u0441\u043c\u043e\u0442\u0440\u0438\u0442\u0435 \u0437\u0434\u0435\u0441\u044c \u0412\u0440\u0435\u043c\u044f \u0440\u0435\u0439\u0441\u0430 \u0418\u0437\u043c\u0435\u043d\u0435\u043d\u0438\u044f \u0432 \u0440\u0430\u0431\u043e\u0447\u0435\u0435 \u0432\u0440\u0435\u043c\u044f \u0411\u0438\u043b\u0435\u0442 \u0434\u0435\u0439\u0441\u0442\u0432\u0438\u0442\u0435\u043b\u0435\u043d \u0432 \u0442\u0435\u0447\u0435\u043d\u0438\u0435 \u0432\u0441\u0435\u0433\u043e \u0441\u0435\u0437\u043e\u043d\u0430! \u0412\u044b \u0434\u043e\u043b\u0436\u043d\u044b \u043f\u0440\u0438\u0431\u044b\u0442\u044c \u0437\u0430 30 \u043c\u0438\u043d\u0443\u0442 \u0434\u043e \u043e\u0442\u043f\u0440\u0430\u0432\u043b\u0435\u043d\u0438\u044f!<\/p>\n","protected":false},"author":1001002,"featured_media":0,"parent":0,"menu_order":0,"comment_status":"closed","ping_status":"closed","template":"","meta":{"_monsterinsights_skip_tracking":false,"_monsterinsights_sitenote_active":false,"_monsterinsights_sitenote_note":"","_monsterinsights_sitenote_category":0,"_price":"","_stock":"","_tribe_ticket_header":"","_tribe_default_ticket_provider":"Tribe__Tickets_Plus__Commerce__WooCommerce__Main","_tribe_ticket_capacity":"0","_ticket_start_date":"","_ticket_end_date":"","_tribe_ticket_show_description":"","_tribe_ticket_show_not_going":false,"_tribe_ticket_use_global_stock":"","_tribe_ticket_global_stock_level":"","_global_stock_mode":"","_global_stock_cap":"","_tribe_rsvp_for_event":"","_tribe_ticket_going_count":"","_tribe_ticket_not_going_count":"","_tribe_tickets_list":"[{\"id\":105866,\"type\":\"default\",\"title\":\"\\u201c\\u042e\\u0440\\u043c\\u0430\\u043b\\u0430 \\u2014 \\u0420\\u0438\\u0433\\u0430\\u201c (2,5\\u0447) (\\u0434\\u043b\\u044f \\u0432\\u0437\\u0440\\u043e\\u0441\\u043b\\u044b\\u0445)\",\"description\":\"\",\"capacityType\":\"unlimited\",\"price\":16,\"capacity\":\"\",\"available\":-1,\"sharedCapacity\":\"\",\"sold\":0,\"shareSold\":0,\"isShared\":true,\"currencyDecimalPoint\":\".\",\"currencyNumberOfDecimals\":2,\"currencyPosition\":\"prefix\",\"currencySymbol\":\"$\",\"currencyThousandsSep\":\",\"},{\"id\":105868,\"type\":\"default\",\"title\":\"\\u201c\\u042e\\u0440\\u043c\\u0430\\u043b\\u0430\\u201c - \\u0420\\u0438\\u0433\\u0430\\u201c (2,5\\u0447) \\u0414\\u0435\\u0442\\u0438 \\u043e\\u0442 \\u0448\\u0435\\u0441\\u0442\\u0438 \\u0434\\u043e \\u0434\\u0435\\u0432\\u044f\\u0442\\u0438 \\u043b\\u0435\\u0442\",\"description\":\"\",\"capacityType\":\"unlimited\",\"price\":6.4,\"capacity\":\"\",\"available\":-1,\"sharedCapacity\":\"\",\"sold\":0,\"shareSold\":0,\"isShared\":true,\"currencyDecimalPoint\":\".\",\"currencyNumberOfDecimals\":2,\"currencyPosition\":\"prefix\",\"currencySymbol\":\"$\",\"currencyThousandsSep\":\",\"},{\"id\":105869,\"type\":\"default\",\"title\":\"\\u0421 \\u043a\\u0430\\u0440\\u0442\\u043e\\u0439 ISIC \\u201c\\u042e\\u0440\\u043c\\u0430\\u043b\\u0430\\u201c - \\u0420\\u0438\\u0433\\u0430\\u201c (2,5\\u0447)\",\"description\":\"\",\"capacityType\":\"unlimited\",\"price\":12,\"capacity\":\"\",\"available\":-1,\"sharedCapacity\":\"\",\"sold\":0,\"shareSold\":0,\"isShared\":true,\"currencyDecimalPoint\":\".\",\"currencyNumberOfDecimals\":2,\"currencyPosition\":\"prefix\",\"currencySymbol\":\"$\",\"currencyThousandsSep\":\",\"},{\"id\":105870,\"type\":\"default\",\"title\":\"\\u0421 \\u0443\\u0434\\u043e\\u0441\\u0442\\u043e\\u0432\\u0435\\u0440\\u0435\\u043d\\u0438\\u0435\\u043c \\u043e\\u0431 \\u0438\\u043d\\u0432\\u0430\\u043b\\u0438\\u0434\\u043d\\u043e\\u0441\\u0442\\u0438 \\u00ab\\u042e\\u0440\\u043c\\u0430\\u043b\\u0430 \\u2013 \\u0420\\u0438\\u0433\\u0430\\u00bb\",\"description\":\"\",\"capacityType\":\"unlimited\",\"price\":12,\"capacity\":\"\",\"available\":-1,\"sharedCapacity\":\"\",\"sold\":0,\"shareSold\":0,\"isShared\":true,\"currencyDecimalPoint\":\".\",\"currencyNumberOfDecimals\":2,\"currencyPosition\":\"prefix\",\"currencySymbol\":\"$\",\"currencyThousandsSep\":\",\"}]","_tribe_ticket_has_attendee_info_fields":false,"footnotes":"","_tec_slr_enabled":"","_tec_slr_layout":""},"class_list":["post-105862","page","type-page","status-publish","hentry"],"yoast_head":"<!-- This site is optimized with the Yoast SEO Premium plugin v27.3 (Yoast SEO v27.3) - https:\/\/yoast.com\/product\/yoast-seo-premium-wordpress\/ -->\n<title>Bilety Jurmala - Riga &#8211; Jaun\u0101 Vecr\u012bga<\/title>\n<meta name=\"robots\" content=\"index, follow, max-snippet:-1, max-image-preview:large, max-video-preview:-1\" \/>\n<link rel=\"canonical\" href=\"https:\/\/jaunavecriga.lv\/ru\/bilety-jurmala-riga\/\" \/>\n<meta property=\"og:locale\" content=\"ru_RU\" \/>\n<meta property=\"og:type\" content=\"article\" \/>\n<meta property=\"og:title\" content=\"Jaun\u0101 Vecr\u012bga - Ku\u0123u satiksme R\u012bg\u0101 un J\u016brmal\u0101\" \/>\n<meta property=\"og:description\" content=\"\u0421\u0435\u0437\u043e\u043d 02.05.2026-13.09.2026 \u0420\u0430\u0441\u043f\u043e\u043b\u043e\u0436\u0435\u043d\u0438\u0435 \u043f\u0440\u0438\u0441\u0442\u0430\u043d\u0438 \u043d\u0430 \u043a\u0430\u0440\u0442\u0435 \u0441\u043c\u043e\u0442\u0440\u0438\u0442\u0435 \u0437\u0434\u0435\u0441\u044c \u0412\u0440\u0435\u043c\u044f \u0440\u0435\u0439\u0441\u0430 \u0418\u0437\u043c\u0435\u043d\u0435\u043d\u0438\u044f \u0432 \u0440\u0430\u0431\u043e\u0447\u0435\u0435 \u0432\u0440\u0435\u043c\u044f \u0411\u0438\u043b\u0435\u0442 \u0434\u0435\u0439\u0441\u0442\u0432\u0438\u0442\u0435\u043b\u0435\u043d \u0432 \u0442\u0435\u0447\u0435\u043d\u0438\u0435 \u0432\u0441\u0435\u0433\u043e \u0441\u0435\u0437\u043e\u043d\u0430! \u0412\u044b \u0434\u043e\u043b\u0436\u043d\u044b \u043f\u0440\u0438\u0431\u044b\u0442\u044c \u0437\u0430 30 \u043c\u0438\u043d\u0443\u0442 \u0434\u043e \u043e\u0442\u043f\u0440\u0430\u0432\u043b\u0435\u043d\u0438\u044f!\" \/>\n<meta property=\"og:url\" content=\"https:\/\/jaunavecriga.lv\/ru\/bilety-jurmala-riga\/\" \/>\n<meta property=\"og:site_name\" content=\"Jaun\u0101 Vecr\u012bga\" \/>\n<meta property=\"article:publisher\" content=\"https:\/\/www.facebook.com\/RiverCruisesLatvia\" \/>\n<meta property=\"article:modified_time\" content=\"2026-03-04T08:13:50+00:00\" \/>\n<meta property=\"og:image\" content=\"https:\/\/jaunavecriga.lv\/wp-content\/uploads\/2025\/07\/Photo-13-07-2025-19-30-03.jpg\" \/>\n\t<meta property=\"og:image:width\" content=\"1791\" \/>\n\t<meta property=\"og:image:height\" content=\"2048\" \/>\n\t<meta property=\"og:image:type\" content=\"image\/jpeg\" \/>\n<meta name=\"twitter:card\" content=\"summary_large_image\" \/>\n<meta name=\"twitter:site\" content=\"@RiverCruisesLV\" \/>\n<meta name=\"twitter:label1\" content=\"\u041f\u0440\u0438\u043c\u0435\u0440\u043d\u043e\u0435 \u0432\u0440\u0435\u043c\u044f \u0434\u043b\u044f \u0447\u0442\u0435\u043d\u0438\u044f\" \/>\n\t<meta name=\"twitter:data1\" content=\"1 \u043c\u0438\u043d\u0443\u0442\u0430\" \/>\n<script type=\"application\/ld+json\" class=\"yoast-schema-graph\">{\"@context\":\"https:\\\/\\\/schema.org\",\"@graph\":[{\"@type\":\"WebPage\",\"@id\":\"https:\\\/\\\/jaunavecriga.lv\\\/ru\\\/bilety-jurmala-riga\\\/\",\"url\":\"https:\\\/\\\/jaunavecriga.lv\\\/ru\\\/bilety-jurmala-riga\\\/\",\"name\":\"Bilety Jurmala - Riga &#8211; Jaun\u0101 Vecr\u012bga\",\"isPartOf\":{\"@id\":\"https:\\\/\\\/jaunavecriga.lv\\\/#website\"},\"datePublished\":\"2026-03-04T06:10:59+00:00\",\"dateModified\":\"2026-03-04T08:13:50+00:00\",\"breadcrumb\":{\"@id\":\"https:\\\/\\\/jaunavecriga.lv\\\/ru\\\/bilety-jurmala-riga\\\/#breadcrumb\"},\"inLanguage\":\"ru-RU\",\"potentialAction\":[{\"@type\":\"ReadAction\",\"target\":[\"https:\\\/\\\/jaunavecriga.lv\\\/ru\\\/bilety-jurmala-riga\\\/\"]}]},{\"@type\":\"BreadcrumbList\",\"@id\":\"https:\\\/\\\/jaunavecriga.lv\\\/ru\\\/bilety-jurmala-riga\\\/#breadcrumb\",\"itemListElement\":[{\"@type\":\"ListItem\",\"position\":1,\"name\":\"Home\",\"item\":\"https:\\\/\\\/jaunavecriga.lv\\\/ru\\\/\"},{\"@type\":\"ListItem\",\"position\":2,\"name\":\"Bilety Jurmala &#8212; Riga\"}]},{\"@type\":\"WebSite\",\"@id\":\"https:\\\/\\\/jaunavecriga.lv\\\/#website\",\"url\":\"https:\\\/\\\/jaunavecriga.lv\\\/\",\"name\":\"Jaun\u0101 Vecr\u012bga\",\"description\":\"Ku\u0123i pa Daugavu uz J\u016brmalu, Me\u017eaparku un R\u012bgas kan\u0101lu\",\"publisher\":{\"@id\":\"https:\\\/\\\/jaunavecriga.lv\\\/#organization\"},\"potentialAction\":[{\"@type\":\"SearchAction\",\"target\":{\"@type\":\"EntryPoint\",\"urlTemplate\":\"https:\\\/\\\/jaunavecriga.lv\\\/?s={search_term_string}\"},\"query-input\":{\"@type\":\"PropertyValueSpecification\",\"valueRequired\":true,\"valueName\":\"search_term_string\"}}],\"inLanguage\":\"ru-RU\"},{\"@type\":\"Organization\",\"@id\":\"https:\\\/\\\/jaunavecriga.lv\\\/#organization\",\"name\":\"SIA \\\"Jaun\u0101 Vecr\u012bga\\\"\",\"alternateName\":\"RCL\",\"url\":\"https:\\\/\\\/jaunavecriga.lv\\\/\",\"logo\":{\"@type\":\"ImageObject\",\"inLanguage\":\"ru-RU\",\"@id\":\"https:\\\/\\\/jaunavecriga.lv\\\/#\\\/schema\\\/logo\\\/image\\\/\",\"url\":\"https:\\\/\\\/jaunavecriga.lv\\\/wp-content\\\/uploads\\\/2025\\\/04\\\/New-RiverCruises-white-BG-1.jpg\",\"contentUrl\":\"https:\\\/\\\/jaunavecriga.lv\\\/wp-content\\\/uploads\\\/2025\\\/04\\\/New-RiverCruises-white-BG-1.jpg\",\"width\":850,\"height\":850,\"caption\":\"SIA \\\"Jaun\u0101 Vecr\u012bga\\\"\"},\"image\":{\"@id\":\"https:\\\/\\\/jaunavecriga.lv\\\/#\\\/schema\\\/logo\\\/image\\\/\"},\"sameAs\":[\"https:\\\/\\\/www.facebook.com\\\/RiverCruisesLatvia\",\"https:\\\/\\\/x.com\\\/RiverCruisesLV\",\"https:\\\/\\\/www.instagram.com\\\/rivercruises_latvia\\\/\",\"https:\\\/\\\/www.youtube.com\\\/channel\\\/UCr_CMDNcQ8tSAoDFwEt_HFA\",\"https:\\\/\\\/www.tiktok.com\\\/@rivercruiseslatvia\"]}]}<\/script>\n<!-- \/ Yoast SEO Premium plugin. -->","yoast_head_json":{"title":"Bilety Jurmala - Riga &#8211; Jaun\u0101 Vecr\u012bga","robots":{"index":"index","follow":"follow","max-snippet":"max-snippet:-1","max-image-preview":"max-image-preview:large","max-video-preview":"max-video-preview:-1"},"canonical":"https:\/\/jaunavecriga.lv\/ru\/bilety-jurmala-riga\/","og_locale":"ru_RU","og_type":"article","og_title":"Jaun\u0101 Vecr\u012bga - Ku\u0123u satiksme R\u012bg\u0101 un J\u016brmal\u0101","og_description":"\u0421\u0435\u0437\u043e\u043d 02.05.2026-13.09.2026 \u0420\u0430\u0441\u043f\u043e\u043b\u043e\u0436\u0435\u043d\u0438\u0435 \u043f\u0440\u0438\u0441\u0442\u0430\u043d\u0438 \u043d\u0430 \u043a\u0430\u0440\u0442\u0435 \u0441\u043c\u043e\u0442\u0440\u0438\u0442\u0435 \u0437\u0434\u0435\u0441\u044c \u0412\u0440\u0435\u043c\u044f \u0440\u0435\u0439\u0441\u0430 \u0418\u0437\u043c\u0435\u043d\u0435\u043d\u0438\u044f \u0432 \u0440\u0430\u0431\u043e\u0447\u0435\u0435 \u0432\u0440\u0435\u043c\u044f \u0411\u0438\u043b\u0435\u0442 \u0434\u0435\u0439\u0441\u0442\u0432\u0438\u0442\u0435\u043b\u0435\u043d \u0432 \u0442\u0435\u0447\u0435\u043d\u0438\u0435 \u0432\u0441\u0435\u0433\u043e \u0441\u0435\u0437\u043e\u043d\u0430! \u0412\u044b \u0434\u043e\u043b\u0436\u043d\u044b \u043f\u0440\u0438\u0431\u044b\u0442\u044c \u0437\u0430 30 \u043c\u0438\u043d\u0443\u0442 \u0434\u043e \u043e\u0442\u043f\u0440\u0430\u0432\u043b\u0435\u043d\u0438\u044f!","og_url":"https:\/\/jaunavecriga.lv\/ru\/bilety-jurmala-riga\/","og_site_name":"Jaun\u0101 Vecr\u012bga","article_publisher":"https:\/\/www.facebook.com\/RiverCruisesLatvia","article_modified_time":"2026-03-04T08:13:50+00:00","og_image":[{"width":1791,"height":2048,"url":"https:\/\/jaunavecriga.lv\/wp-content\/uploads\/2025\/07\/Photo-13-07-2025-19-30-03.jpg","type":"image\/jpeg"}],"twitter_card":"summary_large_image","twitter_site":"@RiverCruisesLV","twitter_misc":{"\u041f\u0440\u0438\u043c\u0435\u0440\u043d\u043e\u0435 \u0432\u0440\u0435\u043c\u044f \u0434\u043b\u044f \u0447\u0442\u0435\u043d\u0438\u044f":"1 \u043c\u0438\u043d\u0443\u0442\u0430"},"schema":{"@context":"https:\/\/schema.org","@graph":[{"@type":"WebPage","@id":"https:\/\/jaunavecriga.lv\/ru\/bilety-jurmala-riga\/","url":"https:\/\/jaunavecriga.lv\/ru\/bilety-jurmala-riga\/","name":"Bilety Jurmala - Riga &#8211; Jaun\u0101 Vecr\u012bga","isPartOf":{"@id":"https:\/\/jaunavecriga.lv\/#website"},"datePublished":"2026-03-04T06:10:59+00:00","dateModified":"2026-03-04T08:13:50+00:00","breadcrumb":{"@id":"https:\/\/jaunavecriga.lv\/ru\/bilety-jurmala-riga\/#breadcrumb"},"inLanguage":"ru-RU","potentialAction":[{"@type":"ReadAction","target":["https:\/\/jaunavecriga.lv\/ru\/bilety-jurmala-riga\/"]}]},{"@type":"BreadcrumbList","@id":"https:\/\/jaunavecriga.lv\/ru\/bilety-jurmala-riga\/#breadcrumb","itemListElement":[{"@type":"ListItem","position":1,"name":"Home","item":"https:\/\/jaunavecriga.lv\/ru\/"},{"@type":"ListItem","position":2,"name":"Bilety Jurmala &#8212; Riga"}]},{"@type":"WebSite","@id":"https:\/\/jaunavecriga.lv\/#website","url":"https:\/\/jaunavecriga.lv\/","name":"Jaun\u0101 Vecr\u012bga","description":"Ku\u0123i pa Daugavu uz J\u016brmalu, Me\u017eaparku un R\u012bgas kan\u0101lu","publisher":{"@id":"https:\/\/jaunavecriga.lv\/#organization"},"potentialAction":[{"@type":"SearchAction","target":{"@type":"EntryPoint","urlTemplate":"https:\/\/jaunavecriga.lv\/?s={search_term_string}"},"query-input":{"@type":"PropertyValueSpecification","valueRequired":true,"valueName":"search_term_string"}}],"inLanguage":"ru-RU"},{"@type":"Organization","@id":"https:\/\/jaunavecriga.lv\/#organization","name":"SIA \"Jaun\u0101 Vecr\u012bga\"","alternateName":"RCL","url":"https:\/\/jaunavecriga.lv\/","logo":{"@type":"ImageObject","inLanguage":"ru-RU","@id":"https:\/\/jaunavecriga.lv\/#\/schema\/logo\/image\/","url":"https:\/\/jaunavecriga.lv\/wp-content\/uploads\/2025\/04\/New-RiverCruises-white-BG-1.jpg","contentUrl":"https:\/\/jaunavecriga.lv\/wp-content\/uploads\/2025\/04\/New-RiverCruises-white-BG-1.jpg","width":850,"height":850,"caption":"SIA \"Jaun\u0101 Vecr\u012bga\""},"image":{"@id":"https:\/\/jaunavecriga.lv\/#\/schema\/logo\/image\/"},"sameAs":["https:\/\/www.facebook.com\/RiverCruisesLatvia","https:\/\/x.com\/RiverCruisesLV","https:\/\/www.instagram.com\/rivercruises_latvia\/","https:\/\/www.youtube.com\/channel\/UCr_CMDNcQ8tSAoDFwEt_HFA","https:\/\/www.tiktok.com\/@rivercruiseslatvia"]}]}},"ticketed":["woo"],"_links":{"self":[{"href":"https:\/\/jaunavecriga.lv\/ru\/wp-json\/wp\/v2\/pages\/105862","targetHints":{"allow":["GET"]}}],"collection":[{"href":"https:\/\/jaunavecriga.lv\/ru\/wp-json\/wp\/v2\/pages"}],"about":[{"href":"https:\/\/jaunavecriga.lv\/ru\/wp-json\/wp\/v2\/types\/page"}],"author":[{"embeddable":true,"href":"https:\/\/jaunavecriga.lv\/ru\/wp-json\/wp\/v2\/users\/1001002"}],"replies":[{"embeddable":true,"href":"https:\/\/jaunavecriga.lv\/ru\/wp-json\/wp\/v2\/comments?post=105862"}],"version-history":[{"count":8,"href":"https:\/\/jaunavecriga.lv\/ru\/wp-json\/wp\/v2\/pages\/105862\/revisions"}],"predecessor-version":[{"id":105961,"href":"https:\/\/jaunavecriga.lv\/ru\/wp-json\/wp\/v2\/pages\/105862\/revisions\/105961"}],"wp:attachment":[{"href":"https:\/\/jaunavecriga.lv\/ru\/wp-json\/wp\/v2\/media?parent=105862"}],"curies":[{"name":"wp","href":"https:\/\/api.w.org\/{rel}","templated":true}]}}