{"id":2161,"date":"2016-05-14T17:41:43","date_gmt":"2016-05-14T17:41:43","guid":{"rendered":"http:\/\/rivercruises.lv\/?page_id=2161"},"modified":"2026-02-01T15:10:08","modified_gmt":"2026-02-01T13:10:08","slug":"%d0%b8%d0%b7%d0%bc%d0%b5%d0%bd%d0%b5%d0%bd%d0%b8%d1%8f-%d0%b2-%d1%80%d0%b0%d0%b1%d0%be%d1%87%d0%b5%d0%b5-%d0%b2%d1%80%d0%b5%d0%bc%d1%8f","status":"publish","type":"page","link":"https:\/\/jaunavecriga.lv\/ru\/%d0%b8%d0%b7%d0%bc%d0%b5%d0%bd%d0%b5%d0%bd%d0%b8%d1%8f-%d0%b2-%d1%80%d0%b0%d0%b1%d0%be%d1%87%d0%b5%d0%b5-%d0%b2%d1%80%d0%b5%d0%bc%d1%8f\/","title":{"rendered":"\u0418\u0417\u041c\u0415\u041d\u0415\u041d\u0418\u042f \u0412 \u0420\u0410\u0421\u041f\u0418\u0421\u0410\u041d\u0418\u0418 \u041a\u041e\u0420\u0410\u0411\u041b\u0418\u041a\u041e\u0412"},"content":{"rendered":"\t\t<div data-elementor-type=\"wp-page\" data-elementor-id=\"2161\" class=\"elementor elementor-2161 elementor-2157\" data-elementor-post-type=\"page\">\n\t\t\t\t<div class=\"elementor-element elementor-element-7436b987 e-flex e-con-boxed e-con e-parent\" data-id=\"7436b987\" data-element_type=\"container\" data-e-type=\"container\">\n\t\t\t\t\t<div class=\"e-con-inner\">\n\t\t\t\t<div class=\"elementor-element elementor-element-28e24b8f elementor-widget elementor-widget-heading\" data-id=\"28e24b8f\" data-element_type=\"widget\" data-e-type=\"widget\" data-widget_type=\"heading.default\">\n\t\t\t\t<div class=\"elementor-widget-container\">\n\t\t\t\t\t<h2 class=\"elementor-heading-title elementor-size-default\">\u0412 \u0441\u0432\u044f\u0437\u0438 \u0441 \u0440\u0435\u0437\u0435\u0440\u0432\u0430\u0446\u0438e\u0439\/\u043d\u0435\u0431\u043b\u0430\u0433\u043e\u043f\u0440\u0438\u044f\u0442\u043d\u044b\u043c\u0438 \u043f\u043e\u0433\u043e\u0434\u043d\u044b\u043c\u0438 \u0443\u0441\u043b\u043e\u0432\u0438\u044f\u043c\u0438 \u043d\u0435 \u043f\u0440\u043e\u0438\u0437\u043e\u0439\u0434\u0443\u0442 \u0441\u043b\u0435\u0434\u0443\u044e\u0449\u0438\u0435 \u0440\u0435\u0439\u0441\u044b:<\/h2>\t\t\t\t<\/div>\n\t\t\t\t<\/div>\n\t\t\t\t<div class=\"elementor-element elementor-element-734243b8 elementor-widget elementor-widget-text-editor\" data-id=\"734243b8\" data-element_type=\"widget\" data-e-type=\"widget\" data-widget_type=\"text-editor.default\">\n\t\t\t\t<div class=\"elementor-widget-container\">\n\t\t\t\t\t\t\t\t\t<h5>\u041f\u0440\u043e\u0433\u0443\u043b\u043e\u0447\u043d\u044b\u0439 \u043a\u043e\u0440\u0430\u0431\u043b\u0438\u043a\u00a0 \u00abVECR\u012aGA\u00bb<\/h5><p>\u00a0<\/p><h5>\u041f\u0440\u043e\u0433\u0443\u043b\u043e\u0447\u043d\u044b\u0439 \u043a\u043e\u0440\u0430\u0431\u043b\u0438\u043a\u00a0 \u00abELIZABETE\u00bb<\/h5><p>\u00a0<\/p><h5>\u041f\u0440\u043e\u0433\u0443\u043b\u043e\u0447\u043d\u044b\u0439 \u043a\u043e\u0440\u0430\u0431\u043b\u0438\u043a \u00abAGNES\u00bb<\/h5><div class=\"flex max-w-full flex-col grow\"><div class=\"min-h-8 text-message relative flex w-full flex-col items-end gap-2 text-start break-words whitespace-normal [.text-message+&amp;]:mt-5\" dir=\"auto\" data-message-author-role=\"assistant\" data-message-id=\"d65eaa16-8dfd-45d1-a09b-14885cf22dbb\" data-message-model-slug=\"gpt-5\"><div class=\"flex w-full flex-col gap-1 empty:hidden first:pt-[3px]\"><div class=\"markdown prose dark:prose-invert w-full break-words light markdown-new-styling\"><p data-start=\"0\" data-end=\"58\" data-is-last-node=\"\" data-is-only-node=\"\">\u00a0<\/p><\/div><\/div><\/div><\/div><p>\u00a0<\/p><h5>\u041a\u043e\u0440\u0430\u0431\u043b\u0438\u043a \u043f\u043e \u0440\u0438\u0436\u0441\u043a\u043e\u043c\u0443 \u043a\u0430\u043d\u0430\u043b\u0443<\/h5><p>\u00a0<\/p><p>\u2014<\/p><p>\u0418\u0437\u0432\u0438\u043d\u0438\u0442\u0435 \u0437\u0430 \u043d\u0435\u0443\u0434\u043e\u0431\u0441\u0442\u0432\u0430.<\/p><p>\u0421 \u0443\u0432\u0430\u0436\u0435\u043d\u0438\u0435\u043c,<\/p><p><strong>River Crusies Latvia\u00a0\u0410\u0434\u043c\u0438\u043d\u0438\u0441\u0442\u0440\u0430\u0446\u0438\u044f<\/strong><\/p>\t\t\t\t\t\t\t\t<\/div>\n\t\t\t\t<\/div>\n\t\t\t\t\t<\/div>\n\t\t\t\t<\/div>\n\t\t<div class=\"elementor-element elementor-element-f722d05 e-con-full e-flex e-con e-parent\" data-id=\"f722d05\" data-element_type=\"container\" data-e-type=\"container\" id=\"river-cruises-karte\">\n\t\t\t\t<div class=\"elementor-element elementor-element-400156bb elementor-widget elementor-widget-text-editor\" data-id=\"400156bb\" data-element_type=\"widget\" data-e-type=\"widget\" data-widget_type=\"text-editor.default\">\n\t\t\t\t<div class=\"elementor-widget-container\">\n\t\t\t\t\t\t\t\t\t<p>\r\n            \r\n            \r\n            \r\n            <a name='map1'><\/a>\r\n            \r\n            \r\n            \r\n            \r\n            <div class=\"wpgmza_map \"  id=\"wpgmza_map_1\" style=\"display:block; overflow:auto; width:100%; height:400px; float:left;\" data-settings='{\"id\":\"1\",\"map_title\":\"jaunavecriga.lv\",\"map_width\":\"100\",\"map_height\":\"400\",\"map_start_lat\":\"56.946477988360805\",\"map_start_lng\":\"24.103715642122552\",\"map_start_location\":\"56.947208,24.10579\",\"map_start_zoom\":\"11\",\"default_marker\":\"\",\"type\":\"4\",\"alignment\":\"1\",\"directions_enabled\":\"0\",\"styling_enabled\":\"0\",\"styling_json\":\"\",\"active\":\"0\",\"kml\":\"\",\"bicycle\":\"0\",\"traffic\":\"0\",\"dbox\":\"1\",\"dbox_width\":\"250\",\"listmarkers\":\"0\",\"listmarkers_advanced\":\"0\",\"filterbycat\":\"0\",\"ugm_enabled\":\"0\",\"ugm_category_enabled\":\"0\",\"fusion\":\"\",\"map_width_type\":\"%\",\"map_height_type\":\"px\",\"mass_marker_support\":\"1\",\"ugm_access\":\"0\",\"order_markers_by\":\"1\",\"order_markers_choice\":\"2\",\"show_user_location\":\"1\",\"default_to\":\"\",\"other_settings\":{\"store_locator_style\":\"legacy\",\"wpgmza_store_locator_radius_style\":\"legacy\",\"directions_box_style\":\"default\",\"show_distance_from_location\":false,\"map_max_zoom\":\"1\",\"map_min_zoom\":\"21\",\"sl_stroke_color\":\"#000000\",\"sl_stroke_opacity\":\"\",\"sl_fill_color\":\"#000000\",\"sl_fill_opacity\":\"\",\"jump_to_nearest_marker_on_initialization\":false,\"automatically_pan_to_users_location\":false,\"override_users_location_zoom_level\":false,\"click_open_link\":true,\"hide_point_of_interest\":false,\"fit_maps_bounds_to_markers\":false,\"fit_maps_bounds_to_markers_after_filtering\":false,\"wpgmza_auto_night\":0,\"transport_layer\":false,\"polygon_labels\":false,\"enable_marker_ratings\":false,\"iw_primary_color\":\"#000000\",\"iw_accent_color\":\"#000000\",\"iw_text_color\":\"#000000\",\"wpgmza_iw_type\":\"0\",\"list_markers_by\":\"0\",\"push_in_map\":\"\",\"push_in_map_placement\":\"9\",\"wpgmza_push_in_map_width\":\"\",\"wpgmza_push_in_map_height\":\"\",\"wpgmza_theme_data\":\"\",\"upload_default_ul_marker\":\"\",\"upload_default_sl_marker\":\"\",\"wpgmza_dbox_width_type\":\"%\",\"default_from\":\"\",\"directions_behaviour\":\"default\",\"force_google_directions_app\":false,\"directions_route_origin_icon\":\"https:\\\/\\\/jaunavecriga.lv\\\/wp-content\\\/plugins\\\/wp-google-maps\\\/images\\\/spotlight-poi2.png\",\"retina\":false,\"directions_route_destination_icon\":\"https:\\\/\\\/jaunavecriga.lv\\\/wp-content\\\/plugins\\\/wp-google-maps\\\/images\\\/spotlight-poi2.png\",\"directions_route_stroke_color\":\"#4f8df5\",\"directions_route_stroke_weight\":\"4\",\"directions_route_stroke_opacity\":\"0.8\",\"enable_advanced_custom_fields_integration\":false,\"enable_toolset_woocommerce_integration\":false,\"shortcodeAttributes\":{\"id\":\"1\"},\"action\":\"wpgmza_save_map\",\"redirect_to\":\"\\\/wp-admin\\\/admin-post.php\",\"map_id\":\"1\",\"http_referer\":\"\\\/wp-admin\\\/admin.php?page=wp-google-maps-menu&amp;amp;action=edit&amp;amp;map_id=1\",\"wpgmza_id\":\"1\",\"wpgmza_start_location\":\"56.946477988360805,24.103715642122552\",\"wpgmza_start_zoom\":\"11\",\"directions_origin_retina\":false,\"directions_destination_retina\":false,\"directions_fit_bounds_to_route\":false,\"store_locator_enabled\":false,\"store_locator_search_area\":\"radial\",\"wpgmza_store_locator_default_radius\":\"10\",\"store_locator_auto_area_max_zoom\":\"\",\"wpgmza_store_locator_restrict\":\"\",\"store_locator_distance\":false,\"wpgmza_store_locator_position\":false,\"store_locator_show_distance\":false,\"store_locator_category\":false,\"wpgmza_store_locator_use_their_location\":false,\"wpgmza_store_locator_bounce\":false,\"upload_default_sl_marker_retina\":false,\"wpgmza_sl_animation\":\"0\",\"wpgmza_store_locator_hide_before_search\":false,\"store_locator_query_string\":\"\",\"store_locator_location_placeholder\":\"\",\"store_locator_default_address\":\"\",\"store_locator_name_search\":false,\"store_locator_name_string\":\"\",\"store_locator_not_found_message\":\"\",\"wpgmza_map_align\":\"1\",\"upload_default_ul_marker_retina\":false,\"override_users_location_zoom_levels\":\"\",\"wpgmza_zoom_on_marker_click\":false,\"wpgmza_zoom_on_marker_click_slider\":\"\",\"close_infowindow_on_map_click\":false,\"disable_lightbox_images\":false,\"use_Raw_Jpeg_Coordinates\":false,\"disable_polygon_info_windows\":false,\"only_load_markers_within_viewport\":false,\"wpgmza_listmarkers_by\":\"0\",\"wpgmza_marker_listing_position\":false,\"wpgmza_push_in_map\":false,\"wpgmza_push_in_map_placement\":\"1\",\"zoom_level_on_marker_listing_override\":false,\"zoom_level_on_marker_listing_click\":\"\",\"marker_listing_disable_zoom\":false,\"datatable_no_result_message\":\"\",\"remove_search_box_datables\":false,\"dataTable_pagination_style\":\"default\",\"datatable_search_string\":\"\",\"datatable_result_start\":\"\",\"datatable_result_of\":\"\",\"datatable_result_to\":\"\",\"datatable_result_total\":\"\",\"datatable_result_show\":\"\",\"datatable_result_entries\":\"\",\"wpgmza_savemap\":\"Save Map \\u00bb\",\"enable_marker_labels\":false,\"zoom_level_mobile_override_enabled\":false,\"zoom_level_mobile_override\":\"\"}}' data-map-id='1' data-shortcode-attributes='{\"id\":\"1\"}'> <\/div>\r\n            \r\n               \r\n        <\/p>\t\t\t\t\t\t\t\t<\/div>\n\t\t\t\t<\/div>\n\t\t\t\t<\/div>\n\t\t\t\t<\/div>\n\t\t","protected":false},"excerpt":{"rendered":"<p>\u0412 \u0441\u0432\u044f\u0437\u0438 \u0441 \u0440\u0435\u0437\u0435\u0440\u0432\u0430\u0446\u0438e\u0439\/\u043d\u0435\u0431\u043b\u0430\u0433\u043e\u043f\u0440\u0438\u044f\u0442\u043d\u044b\u043c\u0438 \u043f\u043e\u0433\u043e\u0434\u043d\u044b\u043c\u0438 \u0443\u0441\u043b\u043e\u0432\u0438\u044f\u043c\u0438 \u043d\u0435 \u043f\u0440\u043e\u0438\u0437\u043e\u0439\u0434\u0443\u0442 \u0441\u043b\u0435\u0434\u0443\u044e\u0449\u0438\u0435 \u0440\u0435\u0439\u0441\u044b: \u041f\u0440\u043e\u0433\u0443\u043b\u043e\u0447\u043d\u044b\u0439 \u043a\u043e\u0440\u0430\u0431\u043b\u0438\u043a\u00a0 \u00abVECR\u012aGA\u00bb \u00a0 \u041f\u0440\u043e\u0433\u0443\u043b\u043e\u0447\u043d\u044b\u0439 \u043a\u043e\u0440\u0430\u0431\u043b\u0438\u043a\u00a0 \u00abELIZABETE\u00bb \u00a0 \u041f\u0440\u043e\u0433\u0443\u043b\u043e\u0447\u043d\u044b\u0439 \u043a\u043e\u0440\u0430\u0431\u043b\u0438\u043a \u00abAGNES\u00bb \u00a0 \u00a0 \u041a\u043e\u0440\u0430\u0431\u043b\u0438\u043a \u043f\u043e \u0440\u0438\u0436\u0441\u043a\u043e\u043c\u0443 \u043a\u0430\u043d\u0430\u043b\u0443 \u00a0 \u2014 \u0418\u0437\u0432\u0438\u043d\u0438\u0442\u0435 \u0437\u0430 \u043d\u0435\u0443\u0434\u043e\u0431\u0441\u0442\u0432\u0430.&hellip;<\/p>\n","protected":false},"author":1001002,"featured_media":0,"parent":0,"menu_order":0,"comment_status":"closed","ping_status":"closed","template":"","meta":{"_monsterinsights_skip_tracking":false,"_monsterinsights_sitenote_active":false,"_monsterinsights_sitenote_note":"","_monsterinsights_sitenote_category":0,"_price":"","_stock":"","_tribe_ticket_header":"","_tribe_default_ticket_provider":"Tribe__Tickets_Plus__Commerce__WooCommerce__Main","_tribe_ticket_capacity":"0","_ticket_start_date":"","_ticket_end_date":"","_tribe_ticket_show_description":"","_tribe_ticket_show_not_going":false,"_tribe_ticket_use_global_stock":"","_tribe_ticket_global_stock_level":"","_global_stock_mode":"","_global_stock_cap":"","_tribe_rsvp_for_event":"","_tribe_ticket_going_count":"","_tribe_ticket_not_going_count":"","_tribe_tickets_list":"[]","_tribe_ticket_has_attendee_info_fields":false,"footnotes":"","_tec_slr_enabled":"","_tec_slr_layout":""},"class_list":["post-2161","page","type-page","status-publish","hentry"],"yoast_head":"<!-- This site is optimized with the Yoast SEO Premium plugin v27.3 (Yoast SEO v27.3) - https:\/\/yoast.com\/product\/yoast-seo-premium-wordpress\/ -->\n<title>\u0418\u0437\u043c\u0435\u043d\u0435\u043d\u0438\u044f \u0432 \u0440\u0430\u0441\u043f\u0438\u0441\u0430\u043d\u0438\u0438 \u043a\u043e\u0440\u0430\u0431\u043b\u0438\u043a\u043e\u0432 | Jaun\u0101 Vecr\u012bga<\/title>\n<meta name=\"description\" content=\"\u0412\u0441\u0435 \u0438\u0437\u043c\u0435\u043d\u0435\u043d\u0438\u044f \u0432 \u0440\u0430\u0441\u043f\u0438\u0441\u0430\u043d\u0438\u0438 \u043a\u043e\u0440\u0430\u0431\u043b\u0438\u043a\u043e\u0432 Jaun\u0101 Vecr\u012bga: VECRIGA, ELIZABETE, AGNES, \u043a\u0430\u043d\u0430\u043b\u044c\u043d\u044b\u0435 \u043a\u043e\u0440\u0430\u0431\u043b\u0438\u043a\u0438. \u0414\u0430\u0442\u044b \u043e\u0442\u043c\u0435\u043d, \u043e\u0431\u043d\u043e\u0432\u043b\u0451\u043d\u043d\u044b\u0439 \u0433\u0440\u0430\u0444\u0438\u043a \u0440\u0435\u0439\u0441\u043e\u0432.\" \/>\n<meta name=\"robots\" content=\"index, follow, max-snippet:-1, max-image-preview:large, max-video-preview:-1\" \/>\n<link rel=\"canonical\" href=\"https:\/\/jaunavecriga.lv\/en\/changes-business-hours\/\" \/>\n<meta property=\"og:locale\" content=\"ru_RU\" \/>\n<meta property=\"og:type\" content=\"article\" \/>\n<meta property=\"og:title\" content=\"\u0412\u0441\u044f \u0438\u043d\u0444\u043e\u0440\u043c\u0430\u0446\u0438\u044f \u043e\u0431 \u0438\u0437\u043c\u0435\u043d\u0435\u043d\u0438\u044f\u0445 \u0432 \u0433\u0440\u0430\u0444\u0438\u043a\u0430\u0445 | Jaun\u0101 Vecr\u012bga\" \/>\n<meta property=\"og:description\" content=\"\u0412\u0441\u0435 \u0438\u0437\u043c\u0435\u043d\u0435\u043d\u0438\u044f \u0432 \u0440\u0430\u0441\u043f\u0438\u0441\u0430\u043d\u0438\u0438 \u043a\u043e\u0440\u0430\u0431\u043b\u0438\u043a\u043e\u0432 Jaun\u0101 Vecr\u012bga: VECRIGA, ELIZABETE, AGNES, \u043a\u0430\u043d\u0430\u043b\u044c\u043d\u044b\u0435 \u043a\u043e\u0440\u0430\u0431\u043b\u0438\u043a\u0438. \u0414\u0430\u0442\u044b \u043e\u0442\u043c\u0435\u043d, \u043e\u0431\u043d\u043e\u0432\u043b\u0451\u043d\u043d\u044b\u0439 \u0433\u0440\u0430\u0444\u0438\u043a \u0440\u0435\u0439\u0441\u043e\u0432.\" \/>\n<meta property=\"og:url\" content=\"https:\/\/jaunavecriga.lv\/en\/changes-business-hours\/\" \/>\n<meta property=\"og:site_name\" content=\"Jaun\u0101 Vecr\u012bga\" \/>\n<meta property=\"article:publisher\" content=\"https:\/\/www.facebook.com\/RiverCruisesLatvia\" \/>\n<meta property=\"article:modified_time\" content=\"2026-02-01T13:10:08+00:00\" \/>\n<meta property=\"og:image\" content=\"https:\/\/jaunavecriga.lv\/wp-content\/uploads\/2017\/12\/Atp\u016btas-ku\u0123\u012btis-VECR\u012aGA-47-1.jpg\" \/>\n\t<meta property=\"og:image:width\" content=\"1618\" \/>\n\t<meta property=\"og:image:height\" content=\"1080\" \/>\n\t<meta property=\"og:image:type\" content=\"image\/jpeg\" \/>\n<meta name=\"twitter:card\" content=\"summary_large_image\" \/>\n<meta name=\"twitter:title\" content=\"Jaun\u0101 Vecr\u012bga - Ku\u0123u satiksme R\u012bg\u0101 un J\u016brmal\u0101\" \/>\n<meta name=\"twitter:site\" content=\"@RiverCruisesLV\" \/>\n<meta name=\"twitter:label1\" content=\"\u041f\u0440\u0438\u043c\u0435\u0440\u043d\u043e\u0435 \u0432\u0440\u0435\u043c\u044f \u0434\u043b\u044f \u0447\u0442\u0435\u043d\u0438\u044f\" \/>\n\t<meta name=\"twitter:data1\" content=\"16 \u043c\u0438\u043d\u0443\u0442\" \/>\n<script type=\"application\/ld+json\" class=\"yoast-schema-graph\">{\"@context\":\"https:\\\/\\\/schema.org\",\"@graph\":[{\"@type\":\"WebPage\",\"@id\":\"https:\\\/\\\/jaunavecriga.lv\\\/en\\\/changes-business-hours\\\/\",\"url\":\"https:\\\/\\\/jaunavecriga.lv\\\/en\\\/changes-business-hours\\\/\",\"name\":\"\u0418\u0437\u043c\u0435\u043d\u0435\u043d\u0438\u044f \u0432 \u0440\u0430\u0441\u043f\u0438\u0441\u0430\u043d\u0438\u0438 \u043a\u043e\u0440\u0430\u0431\u043b\u0438\u043a\u043e\u0432 | Jaun\u0101 Vecr\u012bga\",\"isPartOf\":{\"@id\":\"https:\\\/\\\/jaunavecriga.lv\\\/#website\"},\"datePublished\":\"2016-05-14T17:41:43+00:00\",\"dateModified\":\"2026-02-01T13:10:08+00:00\",\"description\":\"\u0412\u0441\u0435 \u0438\u0437\u043c\u0435\u043d\u0435\u043d\u0438\u044f \u0432 \u0440\u0430\u0441\u043f\u0438\u0441\u0430\u043d\u0438\u0438 \u043a\u043e\u0440\u0430\u0431\u043b\u0438\u043a\u043e\u0432 Jaun\u0101 Vecr\u012bga: VECRIGA, ELIZABETE, AGNES, \u043a\u0430\u043d\u0430\u043b\u044c\u043d\u044b\u0435 \u043a\u043e\u0440\u0430\u0431\u043b\u0438\u043a\u0438. \u0414\u0430\u0442\u044b \u043e\u0442\u043c\u0435\u043d, \u043e\u0431\u043d\u043e\u0432\u043b\u0451\u043d\u043d\u044b\u0439 \u0433\u0440\u0430\u0444\u0438\u043a \u0440\u0435\u0439\u0441\u043e\u0432.\",\"breadcrumb\":{\"@id\":\"https:\\\/\\\/jaunavecriga.lv\\\/en\\\/changes-business-hours\\\/#breadcrumb\"},\"inLanguage\":\"ru-RU\",\"potentialAction\":[{\"@type\":\"ReadAction\",\"target\":[\"https:\\\/\\\/jaunavecriga.lv\\\/en\\\/changes-business-hours\\\/\"]}]},{\"@type\":\"BreadcrumbList\",\"@id\":\"https:\\\/\\\/jaunavecriga.lv\\\/en\\\/changes-business-hours\\\/#breadcrumb\",\"itemListElement\":[{\"@type\":\"ListItem\",\"position\":1,\"name\":\"Home\",\"item\":\"https:\\\/\\\/jaunavecriga.lv\\\/ru\\\/\"},{\"@type\":\"ListItem\",\"position\":2,\"name\":\"\u0418\u0417\u041c\u0415\u041d\u0415\u041d\u0418\u042f \u0412 \u0420\u0410\u0421\u041f\u0418\u0421\u0410\u041d\u0418\u0418 \u041a\u041e\u0420\u0410\u0411\u041b\u0418\u041a\u041e\u0412\"}]},{\"@type\":\"WebSite\",\"@id\":\"https:\\\/\\\/jaunavecriga.lv\\\/#website\",\"url\":\"https:\\\/\\\/jaunavecriga.lv\\\/\",\"name\":\"Jaun\u0101 Vecr\u012bga\",\"description\":\"Ku\u0123i pa Daugavu uz J\u016brmalu, Me\u017eaparku un R\u012bgas kan\u0101lu\",\"publisher\":{\"@id\":\"https:\\\/\\\/jaunavecriga.lv\\\/#organization\"},\"potentialAction\":[{\"@type\":\"SearchAction\",\"target\":{\"@type\":\"EntryPoint\",\"urlTemplate\":\"https:\\\/\\\/jaunavecriga.lv\\\/?s={search_term_string}\"},\"query-input\":{\"@type\":\"PropertyValueSpecification\",\"valueRequired\":true,\"valueName\":\"search_term_string\"}}],\"inLanguage\":\"ru-RU\"},{\"@type\":\"Organization\",\"@id\":\"https:\\\/\\\/jaunavecriga.lv\\\/#organization\",\"name\":\"SIA \\\"Jaun\u0101 Vecr\u012bga\\\"\",\"alternateName\":\"RCL\",\"url\":\"https:\\\/\\\/jaunavecriga.lv\\\/\",\"logo\":{\"@type\":\"ImageObject\",\"inLanguage\":\"ru-RU\",\"@id\":\"https:\\\/\\\/jaunavecriga.lv\\\/#\\\/schema\\\/logo\\\/image\\\/\",\"url\":\"https:\\\/\\\/jaunavecriga.lv\\\/wp-content\\\/uploads\\\/2025\\\/04\\\/New-RiverCruises-white-BG-1.jpg\",\"contentUrl\":\"https:\\\/\\\/jaunavecriga.lv\\\/wp-content\\\/uploads\\\/2025\\\/04\\\/New-RiverCruises-white-BG-1.jpg\",\"width\":850,\"height\":850,\"caption\":\"SIA \\\"Jaun\u0101 Vecr\u012bga\\\"\"},\"image\":{\"@id\":\"https:\\\/\\\/jaunavecriga.lv\\\/#\\\/schema\\\/logo\\\/image\\\/\"},\"sameAs\":[\"https:\\\/\\\/www.facebook.com\\\/RiverCruisesLatvia\",\"https:\\\/\\\/x.com\\\/RiverCruisesLV\",\"https:\\\/\\\/www.instagram.com\\\/rivercruises_latvia\\\/\",\"https:\\\/\\\/www.youtube.com\\\/channel\\\/UCr_CMDNcQ8tSAoDFwEt_HFA\",\"https:\\\/\\\/www.tiktok.com\\\/@rivercruiseslatvia\"]}]}<\/script>\n<!-- \/ Yoast SEO Premium plugin. -->","yoast_head_json":{"title":"\u0418\u0437\u043c\u0435\u043d\u0435\u043d\u0438\u044f \u0432 \u0440\u0430\u0441\u043f\u0438\u0441\u0430\u043d\u0438\u0438 \u043a\u043e\u0440\u0430\u0431\u043b\u0438\u043a\u043e\u0432 | Jaun\u0101 Vecr\u012bga","description":"\u0412\u0441\u0435 \u0438\u0437\u043c\u0435\u043d\u0435\u043d\u0438\u044f \u0432 \u0440\u0430\u0441\u043f\u0438\u0441\u0430\u043d\u0438\u0438 \u043a\u043e\u0440\u0430\u0431\u043b\u0438\u043a\u043e\u0432 Jaun\u0101 Vecr\u012bga: VECRIGA, ELIZABETE, AGNES, \u043a\u0430\u043d\u0430\u043b\u044c\u043d\u044b\u0435 \u043a\u043e\u0440\u0430\u0431\u043b\u0438\u043a\u0438. \u0414\u0430\u0442\u044b \u043e\u0442\u043c\u0435\u043d, \u043e\u0431\u043d\u043e\u0432\u043b\u0451\u043d\u043d\u044b\u0439 \u0433\u0440\u0430\u0444\u0438\u043a \u0440\u0435\u0439\u0441\u043e\u0432.","robots":{"index":"index","follow":"follow","max-snippet":"max-snippet:-1","max-image-preview":"max-image-preview:large","max-video-preview":"max-video-preview:-1"},"canonical":"https:\/\/jaunavecriga.lv\/en\/changes-business-hours\/","og_locale":"ru_RU","og_type":"article","og_title":"\u0412\u0441\u044f \u0438\u043d\u0444\u043e\u0440\u043c\u0430\u0446\u0438\u044f \u043e\u0431 \u0438\u0437\u043c\u0435\u043d\u0435\u043d\u0438\u044f\u0445 \u0432 \u0433\u0440\u0430\u0444\u0438\u043a\u0430\u0445 | Jaun\u0101 Vecr\u012bga","og_description":"\u0412\u0441\u0435 \u0438\u0437\u043c\u0435\u043d\u0435\u043d\u0438\u044f \u0432 \u0440\u0430\u0441\u043f\u0438\u0441\u0430\u043d\u0438\u0438 \u043a\u043e\u0440\u0430\u0431\u043b\u0438\u043a\u043e\u0432 Jaun\u0101 Vecr\u012bga: VECRIGA, ELIZABETE, AGNES, \u043a\u0430\u043d\u0430\u043b\u044c\u043d\u044b\u0435 \u043a\u043e\u0440\u0430\u0431\u043b\u0438\u043a\u0438. \u0414\u0430\u0442\u044b \u043e\u0442\u043c\u0435\u043d, \u043e\u0431\u043d\u043e\u0432\u043b\u0451\u043d\u043d\u044b\u0439 \u0433\u0440\u0430\u0444\u0438\u043a \u0440\u0435\u0439\u0441\u043e\u0432.","og_url":"https:\/\/jaunavecriga.lv\/en\/changes-business-hours\/","og_site_name":"Jaun\u0101 Vecr\u012bga","article_publisher":"https:\/\/www.facebook.com\/RiverCruisesLatvia","article_modified_time":"2026-02-01T13:10:08+00:00","og_image":[{"width":1618,"height":1080,"url":"https:\/\/jaunavecriga.lv\/wp-content\/uploads\/2017\/12\/Atp\u016btas-ku\u0123\u012btis-VECR\u012aGA-47-1.jpg","type":"image\/jpeg"}],"twitter_card":"summary_large_image","twitter_title":"Jaun\u0101 Vecr\u012bga - Ku\u0123u satiksme R\u012bg\u0101 un J\u016brmal\u0101","twitter_site":"@RiverCruisesLV","twitter_misc":{"\u041f\u0440\u0438\u043c\u0435\u0440\u043d\u043e\u0435 \u0432\u0440\u0435\u043c\u044f \u0434\u043b\u044f \u0447\u0442\u0435\u043d\u0438\u044f":"16 \u043c\u0438\u043d\u0443\u0442"},"schema":{"@context":"https:\/\/schema.org","@graph":[{"@type":"WebPage","@id":"https:\/\/jaunavecriga.lv\/en\/changes-business-hours\/","url":"https:\/\/jaunavecriga.lv\/en\/changes-business-hours\/","name":"\u0418\u0437\u043c\u0435\u043d\u0435\u043d\u0438\u044f \u0432 \u0440\u0430\u0441\u043f\u0438\u0441\u0430\u043d\u0438\u0438 \u043a\u043e\u0440\u0430\u0431\u043b\u0438\u043a\u043e\u0432 | Jaun\u0101 Vecr\u012bga","isPartOf":{"@id":"https:\/\/jaunavecriga.lv\/#website"},"datePublished":"2016-05-14T17:41:43+00:00","dateModified":"2026-02-01T13:10:08+00:00","description":"\u0412\u0441\u0435 \u0438\u0437\u043c\u0435\u043d\u0435\u043d\u0438\u044f \u0432 \u0440\u0430\u0441\u043f\u0438\u0441\u0430\u043d\u0438\u0438 \u043a\u043e\u0440\u0430\u0431\u043b\u0438\u043a\u043e\u0432 Jaun\u0101 Vecr\u012bga: VECRIGA, ELIZABETE, AGNES, \u043a\u0430\u043d\u0430\u043b\u044c\u043d\u044b\u0435 \u043a\u043e\u0440\u0430\u0431\u043b\u0438\u043a\u0438. \u0414\u0430\u0442\u044b \u043e\u0442\u043c\u0435\u043d, \u043e\u0431\u043d\u043e\u0432\u043b\u0451\u043d\u043d\u044b\u0439 \u0433\u0440\u0430\u0444\u0438\u043a \u0440\u0435\u0439\u0441\u043e\u0432.","breadcrumb":{"@id":"https:\/\/jaunavecriga.lv\/en\/changes-business-hours\/#breadcrumb"},"inLanguage":"ru-RU","potentialAction":[{"@type":"ReadAction","target":["https:\/\/jaunavecriga.lv\/en\/changes-business-hours\/"]}]},{"@type":"BreadcrumbList","@id":"https:\/\/jaunavecriga.lv\/en\/changes-business-hours\/#breadcrumb","itemListElement":[{"@type":"ListItem","position":1,"name":"Home","item":"https:\/\/jaunavecriga.lv\/ru\/"},{"@type":"ListItem","position":2,"name":"\u0418\u0417\u041c\u0415\u041d\u0415\u041d\u0418\u042f \u0412 \u0420\u0410\u0421\u041f\u0418\u0421\u0410\u041d\u0418\u0418 \u041a\u041e\u0420\u0410\u0411\u041b\u0418\u041a\u041e\u0412"}]},{"@type":"WebSite","@id":"https:\/\/jaunavecriga.lv\/#website","url":"https:\/\/jaunavecriga.lv\/","name":"Jaun\u0101 Vecr\u012bga","description":"Ku\u0123i pa Daugavu uz J\u016brmalu, Me\u017eaparku un R\u012bgas kan\u0101lu","publisher":{"@id":"https:\/\/jaunavecriga.lv\/#organization"},"potentialAction":[{"@type":"SearchAction","target":{"@type":"EntryPoint","urlTemplate":"https:\/\/jaunavecriga.lv\/?s={search_term_string}"},"query-input":{"@type":"PropertyValueSpecification","valueRequired":true,"valueName":"search_term_string"}}],"inLanguage":"ru-RU"},{"@type":"Organization","@id":"https:\/\/jaunavecriga.lv\/#organization","name":"SIA \"Jaun\u0101 Vecr\u012bga\"","alternateName":"RCL","url":"https:\/\/jaunavecriga.lv\/","logo":{"@type":"ImageObject","inLanguage":"ru-RU","@id":"https:\/\/jaunavecriga.lv\/#\/schema\/logo\/image\/","url":"https:\/\/jaunavecriga.lv\/wp-content\/uploads\/2025\/04\/New-RiverCruises-white-BG-1.jpg","contentUrl":"https:\/\/jaunavecriga.lv\/wp-content\/uploads\/2025\/04\/New-RiverCruises-white-BG-1.jpg","width":850,"height":850,"caption":"SIA \"Jaun\u0101 Vecr\u012bga\""},"image":{"@id":"https:\/\/jaunavecriga.lv\/#\/schema\/logo\/image\/"},"sameAs":["https:\/\/www.facebook.com\/RiverCruisesLatvia","https:\/\/x.com\/RiverCruisesLV","https:\/\/www.instagram.com\/rivercruises_latvia\/","https:\/\/www.youtube.com\/channel\/UCr_CMDNcQ8tSAoDFwEt_HFA","https:\/\/www.tiktok.com\/@rivercruiseslatvia"]}]}},"ticketed":false,"_links":{"self":[{"href":"https:\/\/jaunavecriga.lv\/ru\/wp-json\/wp\/v2\/pages\/2161","targetHints":{"allow":["GET"]}}],"collection":[{"href":"https:\/\/jaunavecriga.lv\/ru\/wp-json\/wp\/v2\/pages"}],"about":[{"href":"https:\/\/jaunavecriga.lv\/ru\/wp-json\/wp\/v2\/types\/page"}],"author":[{"embeddable":true,"href":"https:\/\/jaunavecriga.lv\/ru\/wp-json\/wp\/v2\/users\/1001002"}],"replies":[{"embeddable":true,"href":"https:\/\/jaunavecriga.lv\/ru\/wp-json\/wp\/v2\/comments?post=2161"}],"version-history":[{"count":150,"href":"https:\/\/jaunavecriga.lv\/ru\/wp-json\/wp\/v2\/pages\/2161\/revisions"}],"predecessor-version":[{"id":105473,"href":"https:\/\/jaunavecriga.lv\/ru\/wp-json\/wp\/v2\/pages\/2161\/revisions\/105473"}],"wp:attachment":[{"href":"https:\/\/jaunavecriga.lv\/ru\/wp-json\/wp\/v2\/media?parent=2161"}],"curies":[{"name":"wp","href":"https:\/\/api.w.org\/{rel}","templated":true}]}}